{"id":2368,"date":"2021-12-15T10:43:16","date_gmt":"2021-12-15T09:43:16","guid":{"rendered":"https:\/\/www.teo-rema.it\/ueber-uns\/"},"modified":"2025-06-06T22:31:06","modified_gmt":"2025-06-06T20:31:06","slug":"ueber-uns","status":"publish","type":"page","link":"https:\/\/www.teo-rema.it\/de\/ueber-uns\/","title":{"rendered":"\u00dcber uns"},"content":{"rendered":"<p>[et_pb_section fb_built=&#8220;1&#8243; custom_padding_last_edited=&#8220;on|phone&#8220; prev_background_color=&#8220;#ffffff&#8220; next_background_color=&#8220;#ffffff&#8220; admin_label=&#8220;Our History&#8220; _builder_version=&#8220;4.20.4&#8243; use_background_color_gradient=&#8220;on&#8220; background_color_gradient_stops=&#8220;rgba(27,31,37,0.3) 0%|#1b1f25 100%&#8220; background_color_gradient_overlays_image=&#8220;on&#8220; background_color_gradient_start=&#8220;rgba(27,31,37,0.3)&#8220; background_color_gradient_end=&#8220;#1b1f25&#8243; background_image=&#8220;https:\/\/www.teo-rema.it\/wp-content\/uploads\/2021\/01\/D7A_4810.jpg&#8220; width=&#8220;100%&#8220; width_tablet=&#8220;100%&#8220; width_phone=&#8220;100%&#8220; width_last_edited=&#8220;on|phone&#8220; max_width=&#8220;100%&#8220; min_height=&#8220;1000px&#8220; min_height_tablet=&#8220;1000px&#8220; min_height_phone=&#8220;1000px&#8220; min_height_last_edited=&#8220;on|phone&#8220; custom_padding=&#8220;180px||0px||false|false&#8220; custom_padding_tablet=&#8220;|||&#8220; custom_padding_phone=&#8220;100px|||&#8220; top_divider_style=&#8220;arrow&#8220; top_divider_height_tablet=&#8220;&#8220; top_divider_height_phone=&#8220;50px&#8220; top_divider_height_last_edited=&#8220;on|phone&#8220; bottom_divider_style=&#8220;arrow&#8220; box_shadow_style=&#8220;preset7&#8243; box_shadow_horizontal=&#8220;0px&#8220; box_shadow_vertical=&#8220;-150px&#8220; box_shadow_color=&#8220;#ffffff&#8220; locked=&#8220;off&#8220; global_colors_info=&#8220;{}&#8220;][et_pb_row _builder_version=&#8220;4.20.4&#8243; background_color=&#8220;#FFFFFF&#8220; width_tablet=&#8220;&#8220; width_phone=&#8220;100%&#8220; width_last_edited=&#8220;on|phone&#8220; module_alignment=&#8220;center&#8220; custom_margin=&#8220;0px|||&#8220; custom_padding=&#8220;60px|0px|0|0px|false|false&#8220; locked=&#8220;off&#8220; global_colors_info=&#8220;{}&#8220;][et_pb_column type=&#8220;4_4&#8243; _builder_version=&#8220;4.16&#8243; custom_padding=&#8220;|||&#8220; global_colors_info=&#8220;{}&#8220; custom_padding__hover=&#8220;|||&#8220;][et_pb_text admin_label=&#8220;Title&#8220; _builder_version=&#8220;4.16&#8243; text_font=&#8220;Lato||||||||&#8220; text_font_size=&#8220;20px&#8220; text_line_height=&#8220;1.8em&#8220; header_font=&#8220;||||||||&#8220; header_2_font=&#8220;Teko||||||||&#8220; header_2_font_size=&#8220;96px&#8220; text_orientation=&#8220;center&#8220; max_width=&#8220;700px&#8220; module_alignment=&#8220;center&#8220; custom_margin=&#8220;||0px|&#8220; header_2_font_size_tablet=&#8220;66px&#8220; header_2_font_size_phone=&#8220;36px&#8220; header_2_font_size_last_edited=&#8220;on|phone&#8220; global_colors_info=&#8220;{}&#8220;]<\/p>\n<h2>\u00dcber uns<\/h2>\n<p>[\/et_pb_text][\/et_pb_column][\/et_pb_row][et_pb_row column_structure=&#8220;1_2,1_2&#8243; custom_padding_last_edited=&#8220;off|desktop&#8220; _builder_version=&#8220;4.20.4&#8243; background_color=&#8220;#FFFFFF&#8220; width_tablet=&#8220;&#8220; width_phone=&#8220;100%&#8220; width_last_edited=&#8220;on|phone&#8220; module_alignment=&#8220;center&#8220; min_height_tablet=&#8220;&#8220; min_height_phone=&#8220;100%&#8220; min_height_last_edited=&#8220;on|phone&#8220; height=&#8220;100%&#8220; max_height=&#8220;100%&#8220; custom_margin=&#8220;0px|||&#8220; custom_margin_tablet=&#8220;0px|||&#8220; custom_margin_phone=&#8220;0px|||&#8220; custom_margin_last_edited=&#8220;on|phone&#8220; custom_padding=&#8220;|5%|2%|5%|false|true&#8220; use_custom_width=&#8220;on&#8220; locked=&#8220;off&#8220; global_colors_info=&#8220;{}&#8220;][et_pb_column type=&#8220;1_2&#8243; _builder_version=&#8220;4.16&#8243; custom_padding=&#8220;|||&#8220; global_colors_info=&#8220;{}&#8220; custom_padding__hover=&#8220;|||&#8220;][et_pb_text admin_label=&#8220;Title&#8220; _builder_version=&#8220;4.27.4&#8243; text_font=&#8220;Lato||||||||&#8220; text_font_size=&#8220;20px&#8220; text_line_height=&#8220;1.8em&#8220; header_font=&#8220;||||||||&#8220; header_2_font=&#8220;Teko||||||||&#8220; header_2_font_size=&#8220;96px&#8220; background_color=&#8220;#FFFFFF&#8220; max_width=&#8220;700px&#8220; module_alignment=&#8220;center&#8220; custom_margin=&#8220;||0px|&#8220; header_2_font_size_tablet=&#8220;66px&#8220; header_2_font_size_phone=&#8220;36px&#8220; header_2_font_size_last_edited=&#8220;on|phone&#8220; global_colors_info=&#8220;{}&#8220;]<\/p>\n<p style=\"text-align: justify;\">Teo.rema: ein traditionsreiches Unternehmen, das sich auf die Herstellung von Hightech-Gummikomponenten spezialisiert hat. Die Branchen, die wir bedienen, umfassen: Automobil, Luft- und Raumfahrt, Elektrotechnik, Elektronik, Hydraulik, Medizin, Lebensmittel, Gas und Accessoires.<br \/>Die zweite Unternehmergeneration von Teo.rema hat umfassende Erfahrung gesammelt und technische sowie organisatorische Innovationen eingef\u00fchrt. Sie hat neue Energie in zunehmend anspruchsvolle und umweltfreundliche Produktionsprozesse eingebracht.<\/p>\n<p style=\"text-align: justify;\">[\/et_pb_text][\/et_pb_column][et_pb_column type=&#8220;1_2&#8243; _builder_version=&#8220;4.16&#8243; custom_padding=&#8220;|||&#8220; global_colors_info=&#8220;{}&#8220; custom_padding__hover=&#8220;|||&#8220;][et_pb_text admin_label=&#8220;Title&#8220; _builder_version=&#8220;4.27.4&#8243; text_font=&#8220;Lato||||||||&#8220; text_font_size=&#8220;20px&#8220; text_line_height=&#8220;1.8em&#8220; header_font=&#8220;||||||||&#8220; header_2_font=&#8220;Teko||||||||&#8220; header_2_font_size=&#8220;96px&#8220; background_color=&#8220;#FFFFFF&#8220; max_width=&#8220;700px&#8220; module_alignment=&#8220;center&#8220; custom_margin=&#8220;||0px|&#8220; header_2_font_size_tablet=&#8220;66px&#8220; header_2_font_size_phone=&#8220;36px&#8220; header_2_font_size_last_edited=&#8220;on|phone&#8220; locked=&#8220;off&#8220; global_colors_info=&#8220;{}&#8220;]<\/p>\n<p style=\"text-align: justify;\">Die Qualit\u00e4t unserer Produkte wird in Italien hoch gesch\u00e4tzt, aber insbesondere in Europa, wo wir \u00fcber 60 % unserer Produktion exportieren.<br \/>Wir positionieren uns auf dem Markt sowohl als Berater als auch als Hersteller; f\u00fcr uns ist es wichtig, effiziente und effektive Beziehungen zu unseren Kunden aufzubauen, sei es mit Endverbrauchern oder Handelsdistributoren.<\/p>\n<p style=\"text-align: justify;\">[\/et_pb_text][\/et_pb_column][\/et_pb_row][\/et_pb_section][et_pb_section fb_built=&#8220;1&#8243; admin_label=&#8220;Statistics&#8220; _builder_version=&#8220;4.16&#8243; custom_padding=&#8220;|||&#8220; global_colors_info=&#8220;{}&#8220;][et_pb_row column_structure=&#8220;1_3,1_3,1_3&#8243; _builder_version=&#8220;4.16&#8243; global_colors_info=&#8220;{}&#8220;][et_pb_column type=&#8220;1_3&#8243; _builder_version=&#8220;4.16&#8243; custom_padding=&#8220;|||&#8220; global_colors_info=&#8220;{}&#8220; custom_padding__hover=&#8220;|||&#8220;][et_pb_number_counter title=&#8220;langj\u00e4hrige Erfahrung&#8220; number=&#8220;30+&#8220; percent_sign=&#8220;off&#8220; _builder_version=&#8220;4.16&#8243; title_font=&#8220;Lato||||||||&#8220; title_font_size=&#8220;18px&#8220; number_font=&#8220;Teko|500|||||||&#8220; number_text_color=&#8220;#c10f1b&#8220; number_font_size=&#8220;96px&#8220; global_colors_info=&#8220;{}&#8220;][\/et_pb_number_counter][\/et_pb_column][et_pb_column type=&#8220;1_3&#8243; _builder_version=&#8220;4.16&#8243; custom_padding=&#8220;|||&#8220; global_colors_info=&#8220;{}&#8220; custom_padding__hover=&#8220;|||&#8220;][et_pb_number_counter title=&#8220;Internationale Zertifizierungen&#8220; number=&#8220;7&#8243; percent_sign=&#8220;off&#8220; _builder_version=&#8220;4.16&#8243; title_font=&#8220;Lato||||||||&#8220; title_font_size=&#8220;18px&#8220; number_font=&#8220;Teko|500|||||||&#8220; number_text_color=&#8220;#c10f1b&#8220; number_font_size=&#8220;96px&#8220; locked=&#8220;off&#8220; global_colors_info=&#8220;{}&#8220;][\/et_pb_number_counter][\/et_pb_column][et_pb_column type=&#8220;1_3&#8243; _builder_version=&#8220;4.16&#8243; custom_padding=&#8220;|||&#8220; global_colors_info=&#8220;{}&#8220; custom_padding__hover=&#8220;|||&#8220;][et_pb_number_counter title=&#8220;Produkttypen&#8220; number=&#8220;1000+&#8220; percent_sign=&#8220;off&#8220; _builder_version=&#8220;4.16&#8243; title_font=&#8220;Lato||||||||&#8220; title_font_size=&#8220;18px&#8220; number_font=&#8220;Teko|500|||||||&#8220; number_text_color=&#8220;#c10f1b&#8220; number_font_size=&#8220;96px&#8220; locked=&#8220;off&#8220; global_colors_info=&#8220;{}&#8220;][\/et_pb_number_counter][\/et_pb_column][\/et_pb_row][\/et_pb_section][et_pb_section fb_built=&#8220;1&#8243; _builder_version=&#8220;4.27.4&#8243; _module_preset=&#8220;default&#8220; locked=&#8220;off&#8220;][et_pb_row _builder_version=&#8220;4.20.4&#8243; background_color=&#8220;#f7f7f7&#8243; width_tablet=&#8220;&#8220; width_phone=&#8220;100%&#8220; width_last_edited=&#8220;on|phone&#8220; max_width_tablet=&#8220;&#8220; max_width_phone=&#8220;&#8220; max_width_last_edited=&#8220;on|phone&#8220; module_alignment=&#8220;center&#8220; custom_margin=&#8220;0px|||&#8220; custom_padding=&#8220;60px|0px|0|0px|false|false&#8220; locked=&#8220;off&#8220; global_colors_info=&#8220;{}&#8220; theme_builder_area=&#8220;post_content&#8220;][et_pb_column type=&#8220;4_4&#8243; _builder_version=&#8220;4.16&#8243; custom_padding=&#8220;|||&#8220; global_colors_info=&#8220;{}&#8220; custom_padding__hover=&#8220;|||&#8220; theme_builder_area=&#8220;post_content&#8220;][et_pb_text admin_label=&#8220;Title&#8220; _builder_version=&#8220;4.27.4&#8243; text_font=&#8220;Lato||||||||&#8220; text_font_size=&#8220;20px&#8220; text_line_height=&#8220;1.8em&#8220; header_font=&#8220;||||||||&#8220; header_2_font=&#8220;Teko||||||||&#8220; header_2_font_size=&#8220;70px&#8220; text_orientation=&#8220;center&#8220; module_alignment=&#8220;center&#8220; custom_margin=&#8220;||||false|false&#8220; hover_enabled=&#8220;0&#8243; header_2_font_size_tablet=&#8220;66px&#8220; header_2_font_size_phone=&#8220;36px&#8220; header_2_font_size_last_edited=&#8220;on|phone&#8220; global_colors_info=&#8220;{}&#8220; theme_builder_area=&#8220;post_content&#8220; sticky_enabled=&#8220;0&#8243; custom_padding=&#8220;|5%||5%|false|true&#8220;]<\/p>\n<h2><strong>Zum Gedenken an Gabriele Gottardi<\/strong><\/h2>\n<blockquote>\n<p><strong><em>Grumello del Monte, 1989 \u2013 L\u00e4ngenfeld, 5. Juli 2024<\/em><\/strong><\/p>\n<\/blockquote>\n<p>[\/et_pb_text][\/et_pb_column][\/et_pb_row][et_pb_row column_structure=&#8220;1_2,1_2&#8243; custom_padding_last_edited=&#8220;off|desktop&#8220; _builder_version=&#8220;4.20.4&#8243; background_color=&#8220;#f7f7f7&#8243; width_tablet=&#8220;&#8220; width_phone=&#8220;100%&#8220; width_last_edited=&#8220;on|phone&#8220; module_alignment=&#8220;center&#8220; custom_margin=&#8220;0px|||&#8220; custom_margin_tablet=&#8220;0px|||&#8220; custom_margin_phone=&#8220;0px|||&#8220; custom_margin_last_edited=&#8220;on|phone&#8220; custom_padding=&#8220;|5%|0.2%|5%|false|true&#8220; use_custom_width=&#8220;on&#8220; locked=&#8220;off&#8220; global_colors_info=&#8220;{}&#8220; theme_builder_area=&#8220;post_content&#8220;][et_pb_column type=&#8220;1_2&#8243; _builder_version=&#8220;4.16&#8243; custom_padding=&#8220;|||&#8220; global_colors_info=&#8220;{}&#8220; custom_padding__hover=&#8220;|||&#8220; theme_builder_area=&#8220;post_content&#8220;][et_pb_text admin_label=&#8220;Title&#8220; _builder_version=&#8220;4.27.4&#8243; text_font=&#8220;Lato||||||||&#8220; text_font_size=&#8220;20px&#8220; text_line_height=&#8220;1.8em&#8220; header_font=&#8220;||||||||&#8220; header_2_font=&#8220;Teko||||||||&#8220; header_2_font_size=&#8220;96px&#8220; background_color=&#8220;#f7f7f7&#8243; module_alignment=&#8220;center&#8220; custom_margin=&#8220;||0px|&#8220; hover_enabled=&#8220;0&#8243; header_2_font_size_tablet=&#8220;66px&#8220; header_2_font_size_phone=&#8220;36px&#8220; header_2_font_size_last_edited=&#8220;on|phone&#8220; global_colors_info=&#8220;{}&#8220; theme_builder_area=&#8220;post_content&#8220; custom_padding=&#8220;|5%||5%|false|true&#8220; sticky_enabled=&#8220;0&#8243;]<\/p>\n<p style=\"text-align: justify;\">Gabriele Gottardi war weit mehr als ein Unternehmer: Er war ein Mann mit Vision, Leidenschaft und gro\u00dfer Menschlichkeit.<br data-start=\"2169\" data-end=\"2172\" \/>Gemeinsam mit seinem Bruder Ivan leitete er Teo.Rema und vereinte erfolgreich famili\u00e4re Tradition mit Innovation, wodurch das Unternehmen zu einer festen Gr\u00f6\u00dfe in der Herstellung von Gummiteilen wurde.<br data-start=\"2373\" data-end=\"2376\" \/>W\u00e4hrend der Pandemie f\u00f6rderte er die Produktion von wiederverwendbaren antibakteriellen Silikonmasken und bewies damit ein starkes soziales Verantwortungsbewusstsein.<br data-start=\"2542\" data-end=\"2545\" \/>Seine mitrei\u00dfende Energie hat bei allen, die ihn kannten, unausl\u00f6schliche Spuren hinterlassen.<\/p>\n<p>[\/et_pb_text][\/et_pb_column][et_pb_column type=&#8220;1_2&#8243; _builder_version=&#8220;4.16&#8243; custom_padding=&#8220;|||&#8220; global_colors_info=&#8220;{}&#8220; custom_padding__hover=&#8220;|||&#8220; theme_builder_area=&#8220;post_content&#8220;][et_pb_image src=&#8220;https:\/\/www.teo-rema.it\/wp-content\/uploads\/2025\/06\/gabriele-gottardi.jpg&#8220; _builder_version=&#8220;4.27.4&#8243; _module_preset=&#8220;default&#8220; theme_builder_area=&#8220;post_content&#8220; title_text=&#8220;gabriele-gottardi&#8220; hover_enabled=&#8220;0&#8243; sticky_enabled=&#8220;0&#8243; align=&#8220;center&#8220;][\/et_pb_image][\/et_pb_column][\/et_pb_row][et_pb_row custom_padding_last_edited=&#8220;off|desktop&#8220; _builder_version=&#8220;4.20.4&#8243; background_color=&#8220;#f7f7f7&#8243; width_tablet=&#8220;&#8220; width_phone=&#8220;100%&#8220; width_last_edited=&#8220;on|phone&#8220; module_alignment=&#8220;center&#8220; custom_margin=&#8220;0px|||&#8220; custom_margin_tablet=&#8220;0px|||&#8220; custom_margin_phone=&#8220;0px|||&#8220; custom_margin_last_edited=&#8220;on|phone&#8220; custom_padding=&#8220;3px|5%|2%|5%|false|true&#8220; use_custom_width=&#8220;on&#8220; locked=&#8220;off&#8220; global_colors_info=&#8220;{}&#8220; theme_builder_area=&#8220;post_content&#8220;][et_pb_column type=&#8220;4_4&#8243; _builder_version=&#8220;4.16&#8243; custom_padding=&#8220;|||&#8220; global_colors_info=&#8220;{}&#8220; custom_padding__hover=&#8220;|||&#8220; theme_builder_area=&#8220;post_content&#8220;][et_pb_testimonial author=&#8220;Ivan Gottardi&#8220; _builder_version=&#8220;4.27.4&#8243; _module_preset=&#8220;default&#8220; theme_builder_area=&#8220;post_content&#8220; hover_enabled=&#8220;0&#8243; sticky_enabled=&#8220;0&#8243; background_color=&#8220;#FFFFFF&#8220; custom_margin=&#8220;2%||||false|false&#8220; quote_icon_color=&#8220;#E02B20&#8243; body_font_size=&#8220;15px&#8220; body_line_height=&#8220;1.8em&#8220; body_text_align=&#8220;center&#8220; author_text_align=&#8220;center&#8220; author_text_color=&#8220;#E02B20&#8243;]<\/p>\n<p><em>Gabriele war der stille Motor unseres Unternehmens und unserer Familie. Jeder Schritt, den wir von nun an gehen, wird auch seine Handschrift tragen.<\/em><\/p>\n<p>[\/et_pb_testimonial][et_pb_text admin_label=&#8220;Title&#8220; _builder_version=&#8220;4.27.4&#8243; text_font=&#8220;Lato||||||||&#8220; text_font_size=&#8220;20px&#8220; text_line_height=&#8220;1.8em&#8220; header_font=&#8220;||||||||&#8220; header_2_font=&#8220;Teko||||||||&#8220; header_2_font_size=&#8220;96px&#8220; background_color=&#8220;#f7f7f7&#8243; module_alignment=&#8220;center&#8220; custom_margin=&#8220;||0px|&#8220; hover_enabled=&#8220;0&#8243; header_2_font_size_tablet=&#8220;66px&#8220; header_2_font_size_phone=&#8220;36px&#8220; header_2_font_size_last_edited=&#8220;on|phone&#8220; global_colors_info=&#8220;{}&#8220; theme_builder_area=&#8220;post_content&#8220; custom_padding=&#8220;|5%||5%|false|true&#8220; sticky_enabled=&#8220;0&#8243;]<\/p>\n<p style=\"text-align: justify;\">Gabriele lebt in unserem t\u00e4glichen Engagement weiter und begleitet uns mit seiner Leidenschaft und Integrit\u00e4t.<\/p>\n<p>[\/et_pb_text][\/et_pb_column][\/et_pb_row][\/et_pb_section]<\/p>\n","protected":false},"excerpt":{"rendered":"<p>\u00dcber unsTeo.rema: ein traditionsreiches Unternehmen, das sich auf die Herstellung von Hightech-Gummikomponenten spezialisiert hat. Die Branchen, die wir bedienen, umfassen: Automobil, Luft- und Raumfahrt, Elektrotechnik, Elektronik, Hydraulik, Medizin, Lebensmittel, Gas und Accessoires.Die zweite Unternehmergeneration von Teo.rema hat umfassende Erfahrung gesammelt und technische sowie organisatorische Innovationen eingef\u00fchrt. Sie hat neue Energie in zunehmend anspruchsvolle und umweltfreundliche [&hellip;]<\/p>\n","protected":false},"author":1,"featured_media":0,"parent":0,"menu_order":0,"comment_status":"closed","ping_status":"closed","template":"","meta":{"_et_pb_use_builder":"on","_et_pb_old_content":"","_et_gb_content_width":"","footnotes":""},"class_list":["post-2368","page","type-page","status-publish","hentry"],"yoast_head":"<!-- This site is optimized with the Yoast SEO plugin v27.4 - https:\/\/yoast.com\/product\/yoast-seo-wordpress\/ -->\n<title>\u00dcber uns - Teo-Rema<\/title>\n<meta name=\"robots\" content=\"index, follow, max-snippet:-1, max-image-preview:large, max-video-preview:-1\" \/>\n<link rel=\"canonical\" href=\"https:\/\/www.teo-rema.it\/chi-siamo\/\" \/>\n<meta property=\"og:locale\" content=\"de_DE\" \/>\n<meta property=\"og:type\" content=\"article\" \/>\n<meta property=\"og:title\" content=\"\u00dcber uns - Teo-Rema\" \/>\n<meta property=\"og:description\" content=\"\u00dcber unsTeo.rema: ein traditionsreiches Unternehmen, das sich auf die Herstellung von Hightech-Gummikomponenten spezialisiert hat. Die Branchen, die wir bedienen, umfassen: Automobil, Luft- und Raumfahrt, Elektrotechnik, Elektronik, Hydraulik, Medizin, Lebensmittel, Gas und Accessoires.Die zweite Unternehmergeneration von Teo.rema hat umfassende Erfahrung gesammelt und technische sowie organisatorische Innovationen eingef\u00fchrt. Sie hat neue Energie in zunehmend anspruchsvolle und umweltfreundliche [&hellip;]\" \/>\n<meta property=\"og:url\" content=\"https:\/\/www.teo-rema.it\/chi-siamo\/\" \/>\n<meta property=\"og:site_name\" content=\"Teo-Rema\" \/>\n<meta property=\"article:publisher\" content=\"https:\/\/www.facebook.com\/Teo.remasrlguarnizioniindustriali\/\" \/>\n<meta property=\"article:modified_time\" content=\"2025-06-06T20:31:06+00:00\" \/>\n<meta name=\"twitter:card\" content=\"summary_large_image\" \/>\n<meta name=\"twitter:label1\" content=\"Gesch\u00e4tzte Lesezeit\" \/>\n\t<meta name=\"twitter:data1\" content=\"8\u00a0Minuten\" \/>\n<script type=\"application\/ld+json\" class=\"yoast-schema-graph\">{\"@context\":\"https:\\\/\\\/schema.org\",\"@graph\":[{\"@type\":\"WebPage\",\"@id\":\"https:\\\/\\\/www.teo-rema.it\\\/chi-siamo\\\/\",\"url\":\"https:\\\/\\\/www.teo-rema.it\\\/chi-siamo\\\/\",\"name\":\"\u00dcber uns - Teo-Rema\",\"isPartOf\":{\"@id\":\"https:\\\/\\\/www.teo-rema.it\\\/#website\"},\"datePublished\":\"2021-12-15T09:43:16+00:00\",\"dateModified\":\"2025-06-06T20:31:06+00:00\",\"breadcrumb\":{\"@id\":\"https:\\\/\\\/www.teo-rema.it\\\/chi-siamo\\\/#breadcrumb\"},\"inLanguage\":\"de\",\"potentialAction\":[{\"@type\":\"ReadAction\",\"target\":[\"https:\\\/\\\/www.teo-rema.it\\\/chi-siamo\\\/\"]}]},{\"@type\":\"BreadcrumbList\",\"@id\":\"https:\\\/\\\/www.teo-rema.it\\\/chi-siamo\\\/#breadcrumb\",\"itemListElement\":[{\"@type\":\"ListItem\",\"position\":1,\"name\":\"Home\",\"item\":\"https:\\\/\\\/www.teo-rema.it\\\/\"},{\"@type\":\"ListItem\",\"position\":2,\"name\":\"\u00dcber uns\"}]},{\"@type\":\"WebSite\",\"@id\":\"https:\\\/\\\/www.teo-rema.it\\\/#website\",\"url\":\"https:\\\/\\\/www.teo-rema.it\\\/\",\"name\":\"Teo-Rema\",\"description\":\"Guarnizioni Industriali\",\"publisher\":{\"@id\":\"https:\\\/\\\/www.teo-rema.it\\\/#organization\"},\"potentialAction\":[{\"@type\":\"SearchAction\",\"target\":{\"@type\":\"EntryPoint\",\"urlTemplate\":\"https:\\\/\\\/www.teo-rema.it\\\/?s={search_term_string}\"},\"query-input\":{\"@type\":\"PropertyValueSpecification\",\"valueRequired\":true,\"valueName\":\"search_term_string\"}}],\"inLanguage\":\"de\"},{\"@type\":\"Organization\",\"@id\":\"https:\\\/\\\/www.teo-rema.it\\\/#organization\",\"name\":\"Teo.rema Srl\",\"url\":\"https:\\\/\\\/www.teo-rema.it\\\/\",\"logo\":{\"@type\":\"ImageObject\",\"inLanguage\":\"de\",\"@id\":\"https:\\\/\\\/www.teo-rema.it\\\/#\\\/schema\\\/logo\\\/image\\\/\",\"url\":\"https:\\\/\\\/www.teo-rema.it\\\/wp-content\\\/uploads\\\/2020\\\/10\\\/logo-teorema.jpg\",\"contentUrl\":\"https:\\\/\\\/www.teo-rema.it\\\/wp-content\\\/uploads\\\/2020\\\/10\\\/logo-teorema.jpg\",\"width\":480,\"height\":164,\"caption\":\"Teo.rema Srl\"},\"image\":{\"@id\":\"https:\\\/\\\/www.teo-rema.it\\\/#\\\/schema\\\/logo\\\/image\\\/\"},\"sameAs\":[\"https:\\\/\\\/www.facebook.com\\\/Teo.remasrlguarnizioniindustriali\\\/\"]}]}<\/script>\n<!-- \/ Yoast SEO plugin. -->","yoast_head_json":{"title":"\u00dcber uns - Teo-Rema","robots":{"index":"index","follow":"follow","max-snippet":"max-snippet:-1","max-image-preview":"max-image-preview:large","max-video-preview":"max-video-preview:-1"},"canonical":"https:\/\/www.teo-rema.it\/chi-siamo\/","og_locale":"de_DE","og_type":"article","og_title":"\u00dcber uns - Teo-Rema","og_description":"\u00dcber unsTeo.rema: ein traditionsreiches Unternehmen, das sich auf die Herstellung von Hightech-Gummikomponenten spezialisiert hat. Die Branchen, die wir bedienen, umfassen: Automobil, Luft- und Raumfahrt, Elektrotechnik, Elektronik, Hydraulik, Medizin, Lebensmittel, Gas und Accessoires.Die zweite Unternehmergeneration von Teo.rema hat umfassende Erfahrung gesammelt und technische sowie organisatorische Innovationen eingef\u00fchrt. Sie hat neue Energie in zunehmend anspruchsvolle und umweltfreundliche [&hellip;]","og_url":"https:\/\/www.teo-rema.it\/chi-siamo\/","og_site_name":"Teo-Rema","article_publisher":"https:\/\/www.facebook.com\/Teo.remasrlguarnizioniindustriali\/","article_modified_time":"2025-06-06T20:31:06+00:00","twitter_card":"summary_large_image","twitter_misc":{"Gesch\u00e4tzte Lesezeit":"8\u00a0Minuten"},"schema":{"@context":"https:\/\/schema.org","@graph":[{"@type":"WebPage","@id":"https:\/\/www.teo-rema.it\/chi-siamo\/","url":"https:\/\/www.teo-rema.it\/chi-siamo\/","name":"\u00dcber uns - Teo-Rema","isPartOf":{"@id":"https:\/\/www.teo-rema.it\/#website"},"datePublished":"2021-12-15T09:43:16+00:00","dateModified":"2025-06-06T20:31:06+00:00","breadcrumb":{"@id":"https:\/\/www.teo-rema.it\/chi-siamo\/#breadcrumb"},"inLanguage":"de","potentialAction":[{"@type":"ReadAction","target":["https:\/\/www.teo-rema.it\/chi-siamo\/"]}]},{"@type":"BreadcrumbList","@id":"https:\/\/www.teo-rema.it\/chi-siamo\/#breadcrumb","itemListElement":[{"@type":"ListItem","position":1,"name":"Home","item":"https:\/\/www.teo-rema.it\/"},{"@type":"ListItem","position":2,"name":"\u00dcber uns"}]},{"@type":"WebSite","@id":"https:\/\/www.teo-rema.it\/#website","url":"https:\/\/www.teo-rema.it\/","name":"Teo-Rema","description":"Guarnizioni Industriali","publisher":{"@id":"https:\/\/www.teo-rema.it\/#organization"},"potentialAction":[{"@type":"SearchAction","target":{"@type":"EntryPoint","urlTemplate":"https:\/\/www.teo-rema.it\/?s={search_term_string}"},"query-input":{"@type":"PropertyValueSpecification","valueRequired":true,"valueName":"search_term_string"}}],"inLanguage":"de"},{"@type":"Organization","@id":"https:\/\/www.teo-rema.it\/#organization","name":"Teo.rema Srl","url":"https:\/\/www.teo-rema.it\/","logo":{"@type":"ImageObject","inLanguage":"de","@id":"https:\/\/www.teo-rema.it\/#\/schema\/logo\/image\/","url":"https:\/\/www.teo-rema.it\/wp-content\/uploads\/2020\/10\/logo-teorema.jpg","contentUrl":"https:\/\/www.teo-rema.it\/wp-content\/uploads\/2020\/10\/logo-teorema.jpg","width":480,"height":164,"caption":"Teo.rema Srl"},"image":{"@id":"https:\/\/www.teo-rema.it\/#\/schema\/logo\/image\/"},"sameAs":["https:\/\/www.facebook.com\/Teo.remasrlguarnizioniindustriali\/"]}]}},"_links":{"self":[{"href":"https:\/\/www.teo-rema.it\/de\/wp-json\/wp\/v2\/pages\/2368","targetHints":{"allow":["GET"]}}],"collection":[{"href":"https:\/\/www.teo-rema.it\/de\/wp-json\/wp\/v2\/pages"}],"about":[{"href":"https:\/\/www.teo-rema.it\/de\/wp-json\/wp\/v2\/types\/page"}],"author":[{"embeddable":true,"href":"https:\/\/www.teo-rema.it\/de\/wp-json\/wp\/v2\/users\/1"}],"replies":[{"embeddable":true,"href":"https:\/\/www.teo-rema.it\/de\/wp-json\/wp\/v2\/comments?post=2368"}],"version-history":[{"count":12,"href":"https:\/\/www.teo-rema.it\/de\/wp-json\/wp\/v2\/pages\/2368\/revisions"}],"predecessor-version":[{"id":3676,"href":"https:\/\/www.teo-rema.it\/de\/wp-json\/wp\/v2\/pages\/2368\/revisions\/3676"}],"wp:attachment":[{"href":"https:\/\/www.teo-rema.it\/de\/wp-json\/wp\/v2\/media?parent=2368"}],"curies":[{"name":"wp","href":"https:\/\/api.w.org\/{rel}","templated":true}]}}