{"id":2748,"date":"2023-03-22T14:40:54","date_gmt":"2023-03-22T13:40:54","guid":{"rendered":"https:\/\/www.teo-rema.it\/bedingungen-und-konditionen\/"},"modified":"2023-03-22T14:46:27","modified_gmt":"2023-03-22T13:46:27","slug":"bedingungen-und-konditionen","status":"publish","type":"page","link":"https:\/\/www.teo-rema.it\/de\/bedingungen-und-konditionen\/","title":{"rendered":"Bedingungen und Konditionen"},"content":{"rendered":"<p>[et_pb_section fb_built=&#8220;1&#8243; _builder_version=&#8220;4.20.2&#8243; _module_preset=&#8220;default&#8220; global_colors_info=&#8220;{}&#8220;][et_pb_row _builder_version=&#8220;4.20.2&#8243; _module_preset=&#8220;default&#8220; global_colors_info=&#8220;{}&#8220;][et_pb_column type=&#8220;4_4&#8243; _builder_version=&#8220;4.20.2&#8243; _module_preset=&#8220;default&#8220; global_colors_info=&#8220;{}&#8220;][et_pb_text _builder_version=&#8220;4.20.2&#8243; _module_preset=&#8220;default&#8220; hover_enabled=&#8220;0&#8243; global_colors_info=&#8220;{}&#8220; sticky_enabled=&#8220;0&#8243;]<\/p>\n<p><strong>Bedingungen und Konditionen<\/strong><\/p>\n<p><strong>Objekt<\/strong><\/p>\n<p>Der Zugang zu und die Nutzung der Website www.teo-rema.it, die \u00fcber die URL https:\/\/www.teo-rema.it\/ (im Folgenden &#8222;Eigent\u00fcmer&#8220; genannt) zug\u00e4nglich ist, unterliegen den vorliegenden allgemeinen Nutzungsbedingungen.<\/p>\n<p>Die Website ist Eigentum von: TEO.REMA S.r.l.<\/p>\n<p>Name des Unternehmens: TEO.REMA S.r.l.<\/p>\n<p>Adresse: Via delle Ghilarde 1\/A &#8211; 25030 &#8211; Zocco di Erbusco (BS)<\/p>\n<p>Umsatzsteuer-Nr.: 03718810165<\/p>\n<p>REA BS &#8211; 561228<\/p>\n<p>Der Zugang zur Website und ihre Nutzung setzen die Lekt\u00fcre, die Kenntnis und die Annahme der vorliegenden allgemeinen Nutzungsbedingungen voraus.<\/p>\n<p>Etwaige Informationsanfragen k\u00f6nnen per E-Mail an die folgende Adresse amministrazione@teo-rema.it, per Telefon an die folgende Nummer +39 030 72 88 378 und per Post an die folgende Adresse Via delle Ghilarde 1\/A &#8211; 25030 &#8211; Zocco di Erbusco (BS) gerichtet werden.<\/p>\n<p>&nbsp;<\/p>\n<p><strong>\u00c4nderungen der Nutzungsbedingungen<\/strong><\/p>\n<p>Der Inhaber kann diese allgemeinen Nutzungsbedingungen ganz oder teilweise \u00e4ndern oder einfach aktualisieren. Die \u00c4nderungen und Aktualisierungen der allgemeinen Nutzungsbedingungen sind verbindlich, sobald sie auf der Website in diesem Abschnitt ver\u00f6ffentlicht werden. Der Zugang zur Website und ihre Nutzung setzen die Annahme dieser Nutzungsbedingungen durch den Nutzer voraus.<\/p>\n<p>&nbsp;<\/p>\n<p><strong>Geistiges Eigentum<\/strong><\/p>\n<p>Die Inhalte der Website (z.B. Werke, Bilder, Fotografien, Dialoge, Musik, T\u00f6ne, Videos, Dokumente, Zeichnungen, Figuren, Logos, Men\u00fcs, Webseiten, Grafiken, Farben, Diagramme, Werkzeuge, Schriftarten, Layouts, Methoden, Prozesse, Software und jedes andere Material in jedem Format) sind durch das Urheberrecht und durch jedes andere geistige Eigentumsrecht des Eigent\u00fcmers oder von ihm beauftragter Dritter gesch\u00fctzt. Die vollst\u00e4ndige oder teilweise Vervielf\u00e4ltigung der Website und ihres Inhalts in jeglicher Form ist ohne die ausdr\u00fcckliche schriftliche Zustimmung des Eigent\u00fcmers verboten.<\/p>\n<p>Der Nutzer ist berechtigt<\/p>\n<p>die Website und ihre Inhalte zu betrachten, indem er die dort verf\u00fcgbaren Dienste in Anspruch nimmt. Der Nutzer ist dar\u00fcber hinaus berechtigt, alle vor\u00fcbergehenden Vervielf\u00e4ltigungshandlungen vorzunehmen, die keine eigene wirtschaftliche Bedeutung haben, die als vor\u00fcbergehend oder zuf\u00e4llig angesehen werden und die integraler und wesentlicher Bestandteil der Anzeige und des Genusses der Website und ihrer Inhalte sind, sowie alle anderen Navigationsvorg\u00e4nge auf der Website, die nur f\u00fcr eine legitime Nutzung derselben durchgef\u00fchrt werden.<\/p>\n<p>Der Benutzer ist nicht befugt<\/p>\n<p>die Website und ihre Inhalte ganz oder teilweise zu reproduzieren, egal auf welchem Tr\u00e4ger. Jede Vervielf\u00e4ltigung muss von Zeit zu Zeit vom Eigent\u00fcmer genehmigt werden. Solche Vervielf\u00e4ltigungen m\u00fcssen in jedem Fall zu rechtm\u00e4\u00dfigen Zwecken und unter Beachtung des Urheberrechts und anderer Rechte des geistigen Eigentums erfolgen.<\/p>\n<p>&nbsp;<\/p>\n<p><strong>Nutzung der Website und Verantwortung der Nutzer<\/strong><\/p>\n<p>Der Nutzer ist pers\u00f6nlich f\u00fcr die Nutzung der Website und ihrer Inhalte verantwortlich. Der Eigent\u00fcmer haftet nicht f\u00fcr eine nicht gesetzeskonforme Nutzung der Website und ihrer Inhalte durch einen ihrer Nutzer, unbeschadet der Haftung f\u00fcr Vorsatz und grobe Fahrl\u00e4ssigkeit. Insbesondere haftet der Nutzer allein f\u00fcr die \u00dcbermittlung von Informationen und Daten, die unrichtig oder falsch sind oder sich auf Dritte beziehen, ohne deren Zustimmung, sowie in Anbetracht ihrer unsachgem\u00e4\u00dfen Verwendung.<\/p>\n<p>Jedes Material, das heruntergeladen oder auf andere Weise durch die Nutzung des Dienstes erhalten wird, geschieht auf eigene Entscheidung und Gefahr des Nutzers, so dass jede Haftung f\u00fcr Sch\u00e4den an Computersystemen oder Datenverluste, die sich aus dem Herunterladen ergeben, dem Nutzer obliegt und dem Inhaber nicht angelastet werden kann.<\/p>\n<p>Der Inhaber lehnt jede Haftung f\u00fcr Sch\u00e4den ab, die sich aus der Unzug\u00e4nglichkeit der Dienste auf der Website oder aus Sch\u00e4den ergeben, die durch Viren, besch\u00e4digte Dateien, Fehler, Auslassungen, Unterbrechungen des Dienstes, L\u00f6schung von Inhalten, Probleme im Zusammenhang mit Netzen, Providern oder Telefon- und\/oder Telematikverbindungen, unbefugten Zugang, Ver\u00e4nderung von Daten, Ausfall und\/oder Fehlfunktion der eigenen elektronischen Ger\u00e4te des Nutzers verursacht werden.<\/p>\n<p>Der Nutzer ist verantwortlich f\u00fcr die sichere Aufbewahrung und die korrekte Verwendung seiner pers\u00f6nlichen Daten, einschlie\u00dflich der Zugangsdaten zu den reservierten Diensten, sowie f\u00fcr alle sch\u00e4dlichen Folgen oder Nachteile, die www.teo-rema.it oder Dritten durch die unsachgem\u00e4\u00dfe Verwendung, den Verlust oder Diebstahl dieser Daten entstehen k\u00f6nnen.<\/p>\n<p>Der Inhaber hat alle angemessenen Vorkehrungen getroffen, um die Ver\u00f6ffentlichung von Inhalten und Bildern auf der Website zu verhindern, die in allen m\u00f6glichen Formen und Ausdr\u00fccken als verletzend f\u00fcr den Anstand, die Menschenrechte und die W\u00fcrde von Personen angesehen werden k\u00f6nnen. Sollten die genannten Inhalte gegen religi\u00f6se oder ethische Gef\u00fchle oder gegen die guten Sitten versto\u00dfen, wird der Benutzer aufgefordert, den Eigent\u00fcmer \u00fcber diesen Umstand zu informieren, der jedoch darauf hinweist, dass der Zugang zu den Inhalten, die als sch\u00e4dlich oder anst\u00f6\u00dfig angesehen werden, vom Benutzer nach eigenem, unanfechtbarem Ermessen und unter seiner alleinigen und pers\u00f6nlichen Verantwortung erfolgt.<\/p>\n<p>Der Inhaber hat au\u00dferdem alle sinnvollen Vorkehrungen getroffen, um sicherzustellen, dass alle Informationen auf der Website richtig, vollst\u00e4ndig und aktuell sind, \u00fcbernimmt jedoch gegen\u00fcber den Nutzern keine Verantwortung f\u00fcr die Richtigkeit und Vollst\u00e4ndigkeit der auf der Website ver\u00f6ffentlichten Inhalte, sofern nicht gesetzlich anders vorgesehen. Sollte ein Benutzer Fehler oder fehlende Aktualisierungen in den Informationen auf der Website finden, wird er\/sie gebeten, den Eigent\u00fcmer \u00fcber das E-Mail-Postfach zu benachrichtigen: amministrazione@teo-rema.it.<\/p>\n<p><strong>Ausschluss der Haftung<\/strong><\/p>\n<p>Der Eigent\u00fcmer lehnt jede Haftung ab, auch f\u00fcr das Vorhandensein von Fehlern, die Korrektur von Fehlern, die Verantwortung des Servers, der die Website hostet; er ist auch nicht verantwortlich f\u00fcr die Nutzung der enthaltenen Informationen, ihre Richtigkeit und Zuverl\u00e4ssigkeit. Unter keinen Umst\u00e4nden, auch nicht bei Fahrl\u00e4ssigkeit, haftet der Eigent\u00fcmer f\u00fcr direkte oder indirekte Sch\u00e4den, die sich aus der Nutzung oder der Unm\u00f6glichkeit der Nutzung des Materials auf der Website ergeben.<\/p>\n<p>Der Eigent\u00fcmer haftet nicht f\u00fcr Sch\u00e4den, die sich aus der Nichtbereitstellung des Dienstes aufgrund von Funktionsst\u00f6rungen oder Ausf\u00e4llen elektronischer Kommunikationsmittel ergeben, die auf Ursachen zur\u00fcckzuf\u00fchren sind, die au\u00dferhalb seiner vorhersehbaren Kontrolle liegen (z. B.: Funktionsst\u00f6rungen von Servern und anderen elektronischen Ger\u00e4ten, auch solchen, die nicht Bestandteil des Internetnetzes sind, Funktionsst\u00f6rungen der installierten Software, Computerviren, Handlungen von Hackern oder anderen Nutzern mit Zugang zum Netz). Der Nutzer verpflichtet sich daher, den Inhaber von jeglicher Haftung und\/oder von Anspr\u00fcchen in diesem Zusammenhang freizustellen und schadlos zu halten.<\/p>\n<p>&nbsp;<\/p>\n<p><strong>Externe Links<\/strong><\/p>\n<p>Die Website kann Links zu anderen Websites enthalten, die nicht mit ihr in Verbindung stehen. Der Eigent\u00fcmer kontrolliert oder \u00fcberwacht diese Websites nicht und garantiert daher in keiner Weise deren Inhalt oder Datenverwaltung. Der Nutzer sollte daher die Nutzungsbedingungen der besuchten Websites Dritter und deren Datenschutzrichtlinien sorgf\u00e4ltig lesen, da sich diese Nutzungsbedingungen und Datenschutzrichtlinien nur auf diese Website beziehen.<\/p>\n<p>Diese Website kann auch \u00fcber Websites Dritter erreicht werden, auf denen ein Link oder ein Banner zum Zugriff auf die Website vorhanden ist. Die Aktivierung von Links auf Websites Dritter zu dieser Website ist jederzeit m\u00f6glich, wenn sie nicht gegen diese Nutzungsbedingungen verst\u00f6\u00dft. Die Aktivierung unzul\u00e4ssiger Links berechtigt den Eigent\u00fcmer, Ma\u00dfnahmen zur sofortigen Deaktivierung der unzul\u00e4ssigen Links und zur eventuellen Anerkennung der entsprechenden Handelspraktiken oder des unlauteren Wettbewerbs oder der gleichen Gruppe zu ergreifen.<\/p>\n<p><strong>Datenverarbeitung<\/strong><\/p>\n<p>Die Daten des Nutzers werden in \u00dcbereinstimmung mit den Bestimmungen der Gesetzgebung zum Schutz personenbezogener Daten verarbeitet, wie im Abschnitt mit den Informationen gem\u00e4\u00df Artikel 13 der Verordnung (EU) 2016\/679 (Datenschutzrichtlinie) angegeben. F\u00fcr weitere Informationen k\u00f6nnen Sie die Datenschutzbestimmungen der Website unter dem Link https:\/\/www.teo-rema.it\/de\/privacy-policy\/ einsehen.<\/p>\n<p>&nbsp;<\/p>\n<p><strong>Streitbeilegung <\/strong><\/p>\n<p>Die Europ\u00e4ische Kommission hat eine Online-Plattform f\u00fcr die alternative Streitbeilegung eingerichtet. Dieses Instrument kann vom Nutzer zur au\u00dfergerichtlichen Beilegung von Streitigkeiten im Zusammenhang mit und\/oder aus online geschlossenen Vertr\u00e4gen \u00fcber den Verkauf von Waren und die Erbringung von Dienstleistungen genutzt werden. Dementsprechend kann der Nutzer diese Plattform f\u00fcr die Beilegung aller Streitigkeiten nutzen, die sich aus dem online geschlossenen Vertrag ergeben. Die Plattform ist verf\u00fcgbar unter https:\/\/ec.europa.eu\/consumers\/odr\/. Andernfalls ist das Gericht von Brescia zust\u00e4ndig.<\/p>\n<p>Die vorliegenden Bedingungen wurden am 21\/02\/2023 erstellt.\u00a0<\/p>\n<p>&nbsp;<\/p>\n<p>[\/et_pb_text][\/et_pb_column][\/et_pb_row][\/et_pb_section]<\/p>\n","protected":false},"excerpt":{"rendered":"<p>Bedingungen und Konditionen Objekt Der Zugang zu und die Nutzung der Website www.teo-rema.it, die \u00fcber die URL https:\/\/www.teo-rema.it\/ (im Folgenden &#8222;Eigent\u00fcmer&#8220; genannt) zug\u00e4nglich ist, unterliegen den vorliegenden allgemeinen Nutzungsbedingungen. Die Website ist Eigentum von: TEO.REMA S.r.l. Name des Unternehmens: TEO.REMA S.r.l. Adresse: Via delle Ghilarde 1\/A &#8211; 25030 &#8211; Zocco di Erbusco (BS) Umsatzsteuer-Nr.: 03718810165 [&hellip;]<\/p>\n","protected":false},"author":1,"featured_media":0,"parent":0,"menu_order":0,"comment_status":"closed","ping_status":"closed","template":"","meta":{"_et_pb_use_builder":"on","_et_pb_old_content":"","_et_gb_content_width":"","footnotes":""},"class_list":["post-2748","page","type-page","status-publish","hentry"],"yoast_head":"<!-- This site is optimized with the Yoast SEO plugin v27.5 - https:\/\/yoast.com\/product\/yoast-seo-wordpress\/ -->\n<title>Bedingungen und Konditionen - Teo-Rema<\/title>\n<meta name=\"robots\" content=\"index, follow, max-snippet:-1, max-image-preview:large, max-video-preview:-1\" \/>\n<link rel=\"canonical\" href=\"https:\/\/www.teo-rema.it\/de\/bedingungen-und-konditionen\/\" \/>\n<meta property=\"og:locale\" content=\"de_DE\" \/>\n<meta property=\"og:type\" content=\"article\" \/>\n<meta property=\"og:title\" content=\"Bedingungen und Konditionen - Teo-Rema\" \/>\n<meta property=\"og:description\" content=\"Bedingungen und Konditionen Objekt Der Zugang zu und die Nutzung der Website www.teo-rema.it, die \u00fcber die URL https:\/\/www.teo-rema.it\/ (im Folgenden &quot;Eigent\u00fcmer&quot; genannt) zug\u00e4nglich ist, unterliegen den vorliegenden allgemeinen Nutzungsbedingungen. Die Website ist Eigentum von: TEO.REMA S.r.l. Name des Unternehmens: TEO.REMA S.r.l. Adresse: Via delle Ghilarde 1\/A - 25030 - Zocco di Erbusco (BS) Umsatzsteuer-Nr.: 03718810165 [&hellip;]\" \/>\n<meta property=\"og:url\" content=\"https:\/\/www.teo-rema.it\/de\/bedingungen-und-konditionen\/\" \/>\n<meta property=\"og:site_name\" content=\"Teo-Rema\" \/>\n<meta property=\"article:publisher\" content=\"https:\/\/www.facebook.com\/Teo.remasrlguarnizioniindustriali\/\" \/>\n<meta property=\"article:modified_time\" content=\"2023-03-22T13:46:27+00:00\" \/>\n<meta name=\"twitter:card\" content=\"summary_large_image\" \/>\n<meta name=\"twitter:label1\" content=\"Gesch\u00e4tzte Lesezeit\" \/>\n\t<meta name=\"twitter:data1\" content=\"7\u00a0Minuten\" \/>\n<script type=\"application\/ld+json\" class=\"yoast-schema-graph\">{\"@context\":\"https:\\\/\\\/schema.org\",\"@graph\":[{\"@type\":\"WebPage\",\"@id\":\"https:\\\/\\\/www.teo-rema.it\\\/de\\\/bedingungen-und-konditionen\\\/\",\"url\":\"https:\\\/\\\/www.teo-rema.it\\\/de\\\/bedingungen-und-konditionen\\\/\",\"name\":\"Bedingungen und Konditionen - Teo-Rema\",\"isPartOf\":{\"@id\":\"https:\\\/\\\/www.teo-rema.it\\\/#website\"},\"datePublished\":\"2023-03-22T13:40:54+00:00\",\"dateModified\":\"2023-03-22T13:46:27+00:00\",\"breadcrumb\":{\"@id\":\"https:\\\/\\\/www.teo-rema.it\\\/de\\\/bedingungen-und-konditionen\\\/#breadcrumb\"},\"inLanguage\":\"de\",\"potentialAction\":[{\"@type\":\"ReadAction\",\"target\":[\"https:\\\/\\\/www.teo-rema.it\\\/de\\\/bedingungen-und-konditionen\\\/\"]}]},{\"@type\":\"BreadcrumbList\",\"@id\":\"https:\\\/\\\/www.teo-rema.it\\\/de\\\/bedingungen-und-konditionen\\\/#breadcrumb\",\"itemListElement\":[{\"@type\":\"ListItem\",\"position\":1,\"name\":\"Home\",\"item\":\"https:\\\/\\\/www.teo-rema.it\\\/\"},{\"@type\":\"ListItem\",\"position\":2,\"name\":\"Bedingungen und Konditionen\"}]},{\"@type\":\"WebSite\",\"@id\":\"https:\\\/\\\/www.teo-rema.it\\\/#website\",\"url\":\"https:\\\/\\\/www.teo-rema.it\\\/\",\"name\":\"Teo-Rema\",\"description\":\"Guarnizioni Industriali\",\"publisher\":{\"@id\":\"https:\\\/\\\/www.teo-rema.it\\\/#organization\"},\"potentialAction\":[{\"@type\":\"SearchAction\",\"target\":{\"@type\":\"EntryPoint\",\"urlTemplate\":\"https:\\\/\\\/www.teo-rema.it\\\/?s={search_term_string}\"},\"query-input\":{\"@type\":\"PropertyValueSpecification\",\"valueRequired\":true,\"valueName\":\"search_term_string\"}}],\"inLanguage\":\"de\"},{\"@type\":\"Organization\",\"@id\":\"https:\\\/\\\/www.teo-rema.it\\\/#organization\",\"name\":\"Teo.rema Srl\",\"url\":\"https:\\\/\\\/www.teo-rema.it\\\/\",\"logo\":{\"@type\":\"ImageObject\",\"inLanguage\":\"de\",\"@id\":\"https:\\\/\\\/www.teo-rema.it\\\/#\\\/schema\\\/logo\\\/image\\\/\",\"url\":\"https:\\\/\\\/www.teo-rema.it\\\/wp-content\\\/uploads\\\/2020\\\/10\\\/logo-teorema.jpg\",\"contentUrl\":\"https:\\\/\\\/www.teo-rema.it\\\/wp-content\\\/uploads\\\/2020\\\/10\\\/logo-teorema.jpg\",\"width\":480,\"height\":164,\"caption\":\"Teo.rema Srl\"},\"image\":{\"@id\":\"https:\\\/\\\/www.teo-rema.it\\\/#\\\/schema\\\/logo\\\/image\\\/\"},\"sameAs\":[\"https:\\\/\\\/www.facebook.com\\\/Teo.remasrlguarnizioniindustriali\\\/\"]}]}<\/script>\n<!-- \/ Yoast SEO plugin. -->","yoast_head_json":{"title":"Bedingungen und Konditionen - Teo-Rema","robots":{"index":"index","follow":"follow","max-snippet":"max-snippet:-1","max-image-preview":"max-image-preview:large","max-video-preview":"max-video-preview:-1"},"canonical":"https:\/\/www.teo-rema.it\/de\/bedingungen-und-konditionen\/","og_locale":"de_DE","og_type":"article","og_title":"Bedingungen und Konditionen - Teo-Rema","og_description":"Bedingungen und Konditionen Objekt Der Zugang zu und die Nutzung der Website www.teo-rema.it, die \u00fcber die URL https:\/\/www.teo-rema.it\/ (im Folgenden \"Eigent\u00fcmer\" genannt) zug\u00e4nglich ist, unterliegen den vorliegenden allgemeinen Nutzungsbedingungen. Die Website ist Eigentum von: TEO.REMA S.r.l. Name des Unternehmens: TEO.REMA S.r.l. Adresse: Via delle Ghilarde 1\/A - 25030 - Zocco di Erbusco (BS) Umsatzsteuer-Nr.: 03718810165 [&hellip;]","og_url":"https:\/\/www.teo-rema.it\/de\/bedingungen-und-konditionen\/","og_site_name":"Teo-Rema","article_publisher":"https:\/\/www.facebook.com\/Teo.remasrlguarnizioniindustriali\/","article_modified_time":"2023-03-22T13:46:27+00:00","twitter_card":"summary_large_image","twitter_misc":{"Gesch\u00e4tzte Lesezeit":"7\u00a0Minuten"},"schema":{"@context":"https:\/\/schema.org","@graph":[{"@type":"WebPage","@id":"https:\/\/www.teo-rema.it\/de\/bedingungen-und-konditionen\/","url":"https:\/\/www.teo-rema.it\/de\/bedingungen-und-konditionen\/","name":"Bedingungen und Konditionen - Teo-Rema","isPartOf":{"@id":"https:\/\/www.teo-rema.it\/#website"},"datePublished":"2023-03-22T13:40:54+00:00","dateModified":"2023-03-22T13:46:27+00:00","breadcrumb":{"@id":"https:\/\/www.teo-rema.it\/de\/bedingungen-und-konditionen\/#breadcrumb"},"inLanguage":"de","potentialAction":[{"@type":"ReadAction","target":["https:\/\/www.teo-rema.it\/de\/bedingungen-und-konditionen\/"]}]},{"@type":"BreadcrumbList","@id":"https:\/\/www.teo-rema.it\/de\/bedingungen-und-konditionen\/#breadcrumb","itemListElement":[{"@type":"ListItem","position":1,"name":"Home","item":"https:\/\/www.teo-rema.it\/"},{"@type":"ListItem","position":2,"name":"Bedingungen und Konditionen"}]},{"@type":"WebSite","@id":"https:\/\/www.teo-rema.it\/#website","url":"https:\/\/www.teo-rema.it\/","name":"Teo-Rema","description":"Guarnizioni Industriali","publisher":{"@id":"https:\/\/www.teo-rema.it\/#organization"},"potentialAction":[{"@type":"SearchAction","target":{"@type":"EntryPoint","urlTemplate":"https:\/\/www.teo-rema.it\/?s={search_term_string}"},"query-input":{"@type":"PropertyValueSpecification","valueRequired":true,"valueName":"search_term_string"}}],"inLanguage":"de"},{"@type":"Organization","@id":"https:\/\/www.teo-rema.it\/#organization","name":"Teo.rema Srl","url":"https:\/\/www.teo-rema.it\/","logo":{"@type":"ImageObject","inLanguage":"de","@id":"https:\/\/www.teo-rema.it\/#\/schema\/logo\/image\/","url":"https:\/\/www.teo-rema.it\/wp-content\/uploads\/2020\/10\/logo-teorema.jpg","contentUrl":"https:\/\/www.teo-rema.it\/wp-content\/uploads\/2020\/10\/logo-teorema.jpg","width":480,"height":164,"caption":"Teo.rema Srl"},"image":{"@id":"https:\/\/www.teo-rema.it\/#\/schema\/logo\/image\/"},"sameAs":["https:\/\/www.facebook.com\/Teo.remasrlguarnizioniindustriali\/"]}]}},"_links":{"self":[{"href":"https:\/\/www.teo-rema.it\/de\/wp-json\/wp\/v2\/pages\/2748","targetHints":{"allow":["GET"]}}],"collection":[{"href":"https:\/\/www.teo-rema.it\/de\/wp-json\/wp\/v2\/pages"}],"about":[{"href":"https:\/\/www.teo-rema.it\/de\/wp-json\/wp\/v2\/types\/page"}],"author":[{"embeddable":true,"href":"https:\/\/www.teo-rema.it\/de\/wp-json\/wp\/v2\/users\/1"}],"replies":[{"embeddable":true,"href":"https:\/\/www.teo-rema.it\/de\/wp-json\/wp\/v2\/comments?post=2748"}],"version-history":[{"count":3,"href":"https:\/\/www.teo-rema.it\/de\/wp-json\/wp\/v2\/pages\/2748\/revisions"}],"predecessor-version":[{"id":2751,"href":"https:\/\/www.teo-rema.it\/de\/wp-json\/wp\/v2\/pages\/2748\/revisions\/2751"}],"wp:attachment":[{"href":"https:\/\/www.teo-rema.it\/de\/wp-json\/wp\/v2\/media?parent=2748"}],"curies":[{"name":"wp","href":"https:\/\/api.w.org\/{rel}","templated":true}]}}