{"id":2012,"date":"2021-04-01T14:37:58","date_gmt":"2021-04-01T12:37:58","guid":{"rendered":"https:\/\/www.teo-rema.it\/quelle-est-notre-activite\/"},"modified":"2023-04-12T10:23:05","modified_gmt":"2023-04-12T08:23:05","slug":"quelle-est-notre-activite","status":"publish","type":"page","link":"https:\/\/www.teo-rema.it\/fr\/quelle-est-notre-activite\/","title":{"rendered":"Quelle est notre activit\u00e9"},"content":{"rendered":"<p>[et_pb_section fb_built=\u00a0\u00bb1&Prime; custom_padding_last_edited=\u00a0\u00bbon|phone\u00a0\u00bb prev_background_color=\u00a0\u00bb#ffffff\u00a0\u00bb next_background_color=\u00a0\u00bb#ffffff\u00a0\u00bb admin_label=\u00a0\u00bbOur History\u00a0\u00bb _builder_version=\u00a0\u00bb4.16&Prime; width=\u00a0\u00bb100%\u00a0\u00bb max_width=\u00a0\u00bb100%\u00a0\u00bb custom_padding=\u00a0\u00bb180px||0px||false|false\u00a0\u00bb custom_padding_tablet=\u00a0\u00bb|||\u00a0\u00bb custom_padding_phone=\u00a0\u00bb0px||0px||false|false\u00a0\u00bb top_divider_style=\u00a0\u00bbarrow\u00a0\u00bb top_divider_height_tablet=\u00a0\u00bb\u00a0\u00bb top_divider_height_phone=\u00a0\u00bb50px\u00a0\u00bb top_divider_height_last_edited=\u00a0\u00bbon|phone\u00a0\u00bb bottom_divider_style=\u00a0\u00bbarrow\u00a0\u00bb box_shadow_style=\u00a0\u00bbpreset7&Prime; box_shadow_horizontal=\u00a0\u00bb0px\u00a0\u00bb box_shadow_vertical=\u00a0\u00bb-150px\u00a0\u00bb box_shadow_color=\u00a0\u00bb#ffffff\u00a0\u00bb locked=\u00a0\u00bboff\u00a0\u00bb global_colors_info=\u00a0\u00bb{}\u00a0\u00bb use_background_color_gradient=\u00a0\u00bbon\u00a0\u00bb background_color_gradient_stops=\u00a0\u00bbrgba(27,31,37,0.3) 0%|#1b1f25 100%\u00a0\u00bb background_color_gradient_overlays_image=\u00a0\u00bbon\u00a0\u00bb background_color_gradient_start=\u00a0\u00bbrgba(27,31,37,0.3)\u00a0\u00bb background_color_gradient_end=\u00a0\u00bb#1b1f25&Prime; background_image=\u00a0\u00bbhttps:\/\/www.teo-rema.it\/wp-content\/uploads\/2021\/01\/gomma-metallo-plastica-ptfe2.jpg\u00a0\u00bb][et_pb_row _builder_version=\u00a0\u00bb4.16&Prime; module_alignment=\u00a0\u00bbcenter\u00a0\u00bb custom_margin=\u00a0\u00bb0px|auto|0px|auto|false|false\u00a0\u00bb custom_padding=\u00a0\u00bb0px|0px|0px|0px|false|false\u00a0\u00bb locked=\u00a0\u00bboff\u00a0\u00bb global_colors_info=\u00a0\u00bb{}\u00a0\u00bb custom_padding_tablet=\u00a0\u00bb60px|0px|0px|0px|false|false\u00a0\u00bb custom_padding_phone=\u00a0\u00bb5px|0px|20px|0px|false|false\u00a0\u00bb custom_padding_last_edited=\u00a0\u00bbon|phone\u00a0\u00bb background_color=\u00a0\u00bb#f7f7f7&Prime;][et_pb_column type=\u00a0\u00bb4_4&Prime; _builder_version=\u00a0\u00bb4.16&Prime; custom_padding=\u00a0\u00bb||0px||false|false\u00a0\u00bb global_colors_info=\u00a0\u00bb{}\u00a0\u00bb custom_padding__hover=\u00a0\u00bb|||\u00a0\u00bb][et_pb_text admin_label=\u00a0\u00bbTitle\u00a0\u00bb _builder_version=\u00a0\u00bb4.16&Prime; text_font=\u00a0\u00bbLato||||||||\u00a0\u00bb text_font_size=\u00a0\u00bb20px\u00a0\u00bb text_line_height=\u00a0\u00bb1.8em\u00a0\u00bb header_font=\u00a0\u00bb||||||||\u00a0\u00bb header_2_font=\u00a0\u00bbTeko||||||||\u00a0\u00bb header_2_font_size=\u00a0\u00bb96px\u00a0\u00bb text_orientation=\u00a0\u00bbcenter\u00a0\u00bb max_width=\u00a0\u00bb700px\u00a0\u00bb module_alignment=\u00a0\u00bbcenter\u00a0\u00bb custom_margin=\u00a0\u00bb||0px|\u00a0\u00bb custom_padding=\u00a0\u00bb||0px|||\u00a0\u00bb header_2_font_size_tablet=\u00a0\u00bb66px\u00a0\u00bb header_2_font_size_phone=\u00a0\u00bb36px\u00a0\u00bb header_2_font_size_last_edited=\u00a0\u00bbon|phone\u00a0\u00bb global_colors_info=\u00a0\u00bb{}\u00a0\u00bb]<\/p>\n<h2>Quelle est notre activit\u00e9<\/h2>\n<p>[\/et_pb_text][et_pb_text content_last_edited=\u00a0\u00bboff|phone\u00a0\u00bb _builder_version=\u00a0\u00bb4.20.4&Prime; _module_preset=\u00a0\u00bbdefault\u00a0\u00bb text_font=\u00a0\u00bbLato||||||||\u00a0\u00bb text_font_size=\u00a0\u00bb20px\u00a0\u00bb text_line_height=\u00a0\u00bb1.8em\u00a0\u00bb width=\u00a0\u00bb80%\u00a0\u00bb module_alignment=\u00a0\u00bbcenter\u00a0\u00bb min_height=\u00a0\u00bb581px\u00a0\u00bb custom_padding=\u00a0\u00bb5px||0px||false|false\u00a0\u00bb text_font_size_tablet=\u00a0\u00bb\u00a0\u00bb text_font_size_phone=\u00a0\u00bb10px\u00a0\u00bb text_font_size_last_edited=\u00a0\u00bbon|phone\u00a0\u00bb module_alignment_tablet=\u00a0\u00bb\u00a0\u00bb module_alignment_phone=\u00a0\u00bb\u00a0\u00bb module_alignment_last_edited=\u00a0\u00bbon|desktop\u00a0\u00bb global_colors_info=\u00a0\u00bb{}\u00a0\u00bb width_tablet=\u00a0\u00bb80%\u00a0\u00bb width_phone=\u00a0\u00bb80%\u00a0\u00bb width_last_edited=\u00a0\u00bbon|phone\u00a0\u00bb min_height_tablet=\u00a0\u00bb581px\u00a0\u00bb min_height_last_edited=\u00a0\u00bbon|phone\u00a0\u00bb custom_margin=\u00a0\u00bb0px||0px||false|false\u00a0\u00bb hover_enabled=\u00a0\u00bb0&Prime; sticky_enabled=\u00a0\u00bb0&Prime; min_height_phone=\u00a0\u00bb581px\u00a0\u00bb]<\/p>\n<p>TEO.REMA est sp\u00e9cialis\u00e9e dans la production de garnitures en caoutchouc organique, au silicone et fluor\u00e9, de tout type.<span class=\"Apple-converted-space\">\u00a0<\/span><\/p>\n<p>Notre entreprise poursuit de mani\u00e8re syst\u00e9matique ses efforts dans la recherche de nouvelles solutions technologiques pour l\u2019am\u00e9lioration des proc\u00e9d\u00e9s de fabrication et pour r\u00e9duire au minimum la marge d\u2019erreur, en utilisant des mati\u00e8res premi\u00e8res de qualit\u00e9 excellente dans le respect le plus rigoureux de l\u2019environnement.<\/p>\n<p>Un contr\u00f4le constant de toute la cha\u00eene de production, en conformit\u00e9 avec les normes des sch\u00e9mas internationaux du secteur Automobile et A\u00e9rospatial (IATF, ISO, VDA, ANFIA, AIAG), font de TEO.REMA SRL le partenaire id\u00e9al sur <span class=\"Apple-converted-space\">\u00a0 <\/span>lequel pouvoir compter pour la fourniture de ce produit particulier et essentiel.<\/p>\n<p><span class=\"Apple-converted-space\">\u00a0<\/span>Notre syst\u00e8me de gestion de la Qualit\u00e9 utilise un laboratoire interne qui s\u2019occupe des contr\u00f4les des caract\u00e9ristiques physiques-chimiques des mat\u00e9riaux \u00e0 l\u2019entr\u00e9e, jusqu\u2019\u00e0 la validation finale du produit, conform\u00e9ment aux besoins du client.<\/p>\n<p>TEO.REMA met \u00e0 votre disposition son savoir-faire pour fournir des conseils techniques et vous assister dans la r\u00e9solution de probl\u00e8mes de tout type ; elle offre la possibilit\u00e9 de concevoir des articles techniques se basant sur un dessin, avec des mesures et des m\u00e9langes r\u00e9alis\u00e9s sur la base d\u2019une sp\u00e9cification du client, en plus de joints toriques et garnitures \u00e0 l\u00e8vre tant sur catalogue que sur mesure.<\/p>\n<p>[\/et_pb_text][\/et_pb_column][\/et_pb_row][et_pb_row _builder_version=\u00a0\u00bb4.20.4&Prime; _module_preset=\u00a0\u00bbdefault\u00a0\u00bb background_color=\u00a0\u00bb#f7f7f7&Prime; module_alignment=\u00a0\u00bbcenter\u00a0\u00bb custom_margin=\u00a0\u00bb0px|30px|70px|30px|false|true\u00a0\u00bb custom_padding=\u00a0\u00bb60px|0px|0px|0px|false|false\u00a0\u00bb custom_padding_tablet=\u00a0\u00bb60px|0px|0px|0px|false|false\u00a0\u00bb custom_padding_phone=\u00a0\u00bb5px|0px|0px|0px|false|false\u00a0\u00bb custom_padding_last_edited=\u00a0\u00bbon|desktop\u00a0\u00bb][et_pb_column _builder_version=\u00a0\u00bb4.20.4&Prime; _module_preset=\u00a0\u00bbdefault\u00a0\u00bb type=\u00a0\u00bb4_4&Prime; custom_padding=\u00a0\u00bb0px||||false|false\u00a0\u00bb][et_pb_text _builder_version=\u00a0\u00bb4.20.4&Prime; _module_preset=\u00a0\u00bbdefault\u00a0\u00bb text_font=\u00a0\u00bbLato||||||||\u00a0\u00bb text_font_size=\u00a0\u00bb15px\u00a0\u00bb text_line_height=\u00a0\u00bb1.8em\u00a0\u00bb width=\u00a0\u00bb100%\u00a0\u00bb module_alignment=\u00a0\u00bbcenter\u00a0\u00bb custom_margin=\u00a0\u00bb0px|0px||0px|false|false\u00a0\u00bb custom_padding=\u00a0\u00bb||||false|false\u00a0\u00bb custom_padding_tablet=\u00a0\u00bb\u00a0\u00bb custom_padding_phone=\u00a0\u00bb0px|10px|0px|10px|false|true\u00a0\u00bb custom_padding_last_edited=\u00a0\u00bbon|desktop\u00a0\u00bb global_colors_info=\u00a0\u00bb{}\u00a0\u00bb custom_margin_tablet=\u00a0\u00bb0px|0px||0px|false|false\u00a0\u00bb custom_margin_phone=\u00a0\u00bb0px|0px||0px|false|false\u00a0\u00bb custom_margin_last_edited=\u00a0\u00bbon|phone\u00a0\u00bb hover_enabled=\u00a0\u00bb0&Prime; sticky_enabled=\u00a0\u00bb0&Prime;]<\/p>\n<h3 style=\"text-align: center;\">Nos services peuvent \u00eatre r\u00e9sum\u00e9s comme suit:<\/h3>\n<p>[\/et_pb_text][\/et_pb_column][\/et_pb_row][et_pb_row column_structure=\u00a0\u00bb1_3,1_3,1_3&Prime; _builder_version=\u00a0\u00bb4.16&Prime; _module_preset=\u00a0\u00bbdefault\u00a0\u00bb custom_margin=\u00a0\u00bb-70px||||false|false\u00a0\u00bb global_colors_info=\u00a0\u00bb{}\u00a0\u00bb make_equal=\u00a0\u00bbon\u00a0\u00bb width=\u00a0\u00bb100%\u00a0\u00bb width_tablet=\u00a0\u00bb100%\u00a0\u00bb width_phone=\u00a0\u00bb100%\u00a0\u00bb width_last_edited=\u00a0\u00bbon|desktop\u00a0\u00bb module_alignment=\u00a0\u00bbcenter\u00a0\u00bb module_alignment_tablet=\u00a0\u00bbcenter\u00a0\u00bb module_alignment_phone=\u00a0\u00bbcenter\u00a0\u00bb module_alignment_last_edited=\u00a0\u00bbon|desktop\u00a0\u00bb custom_margin_tablet=\u00a0\u00bb-70px||||false|false\u00a0\u00bb custom_margin_phone=\u00a0\u00bb-70px||||false|false\u00a0\u00bb custom_margin_last_edited=\u00a0\u00bbon|phone\u00a0\u00bb background_color=\u00a0\u00bb#f7f7f7&Prime;][et_pb_column type=\u00a0\u00bb1_3&Prime; _builder_version=\u00a0\u00bb4.16&Prime; _module_preset=\u00a0\u00bbdefault\u00a0\u00bb global_colors_info=\u00a0\u00bb{}\u00a0\u00bb custom_padding=\u00a0\u00bb|3%||3%|false|true\u00a0\u00bb][et_pb_image src=\u00a0\u00bbhttps:\/\/www.teo-rema.it\/wp-content\/uploads\/2021\/01\/Senza-titolo-1.png\u00a0\u00bb title_text=\u00a0\u00bbSenza-titolo-1&Prime; _builder_version=\u00a0\u00bb4.16&Prime; _module_preset=\u00a0\u00bbdefault\u00a0\u00bb width=\u00a0\u00bb12%\u00a0\u00bb max_width=\u00a0\u00bb25%\u00a0\u00bb module_alignment=\u00a0\u00bbcenter\u00a0\u00bb global_colors_info=\u00a0\u00bb{}\u00a0\u00bb][\/et_pb_image][et_pb_text _builder_version=\u00a0\u00bb4.16&Prime; _module_preset=\u00a0\u00bbdefault\u00a0\u00bb text_font=\u00a0\u00bbUbuntu||||||||\u00a0\u00bb global_colors_info=\u00a0\u00bb{}\u00a0\u00bb header_4_font=\u00a0\u00bb|300|||||||\u00a0\u00bb custom_padding__hover_enabled=\u00a0\u00bbon|desktop\u00a0\u00bb custom_padding_phone=\u00a0\u00bb|10px||10px|false|true\u00a0\u00bb custom_padding_last_edited=\u00a0\u00bbon|phone\u00a0\u00bb]<\/p>\n<h4 style=\"text-align: center;\">Conseil technique initial<\/h4>\n<p>[\/et_pb_text][\/et_pb_column][et_pb_column type=\u00a0\u00bb1_3&Prime; _builder_version=\u00a0\u00bb4.16&Prime; _module_preset=\u00a0\u00bbdefault\u00a0\u00bb global_colors_info=\u00a0\u00bb{}\u00a0\u00bb custom_padding=\u00a0\u00bb|3%||3%|false|true\u00a0\u00bb][et_pb_image src=\u00a0\u00bbhttps:\/\/www.teo-rema.it\/wp-content\/uploads\/2021\/01\/Senza-titolo-1.png\u00a0\u00bb title_text=\u00a0\u00bbSenza-titolo-1&Prime; _builder_version=\u00a0\u00bb4.16&Prime; _module_preset=\u00a0\u00bbdefault\u00a0\u00bb width=\u00a0\u00bb12%\u00a0\u00bb max_width=\u00a0\u00bb25%\u00a0\u00bb module_alignment=\u00a0\u00bbcenter\u00a0\u00bb global_colors_info=\u00a0\u00bb{}\u00a0\u00bb][\/et_pb_image][et_pb_text _builder_version=\u00a0\u00bb4.16&Prime; _module_preset=\u00a0\u00bbdefault\u00a0\u00bb text_font=\u00a0\u00bbUbuntu||||||||\u00a0\u00bb global_colors_info=\u00a0\u00bb{}\u00a0\u00bb header_4_font=\u00a0\u00bb|300|||||||\u00a0\u00bb custom_padding__hover_enabled=\u00a0\u00bbon|desktop\u00a0\u00bb custom_padding_phone=\u00a0\u00bb|10px||10px|false|true\u00a0\u00bb custom_padding_last_edited=\u00a0\u00bbon|phone\u00a0\u00bb]<\/p>\n<h4 style=\"text-align: center;\">Assistance \u00e0 la r\u00e9solution de probl\u00e8mes de tout type<\/h4>\n<p>[\/et_pb_text][\/et_pb_column][et_pb_column type=\u00a0\u00bb1_3&Prime; _builder_version=\u00a0\u00bb4.16&Prime; _module_preset=\u00a0\u00bbdefault\u00a0\u00bb global_colors_info=\u00a0\u00bb{}\u00a0\u00bb custom_padding=\u00a0\u00bb|3%||3%|false|true\u00a0\u00bb][et_pb_image src=\u00a0\u00bbhttps:\/\/www.teo-rema.it\/wp-content\/uploads\/2021\/01\/Senza-titolo-1.png\u00a0\u00bb title_text=\u00a0\u00bbSenza-titolo-1&Prime; _builder_version=\u00a0\u00bb4.16&Prime; _module_preset=\u00a0\u00bbdefault\u00a0\u00bb width=\u00a0\u00bb12%\u00a0\u00bb max_width=\u00a0\u00bb25%\u00a0\u00bb module_alignment=\u00a0\u00bbcenter\u00a0\u00bb global_colors_info=\u00a0\u00bb{}\u00a0\u00bb][\/et_pb_image][et_pb_text _builder_version=\u00a0\u00bb4.16&Prime; _module_preset=\u00a0\u00bbdefault\u00a0\u00bb text_font=\u00a0\u00bbUbuntu||||||||\u00a0\u00bb global_colors_info=\u00a0\u00bb{}\u00a0\u00bb header_4_font=\u00a0\u00bb|300|||||||\u00a0\u00bb custom_padding__hover_enabled=\u00a0\u00bbon|desktop\u00a0\u00bb custom_padding_phone=\u00a0\u00bb|10px||10px|false|true\u00a0\u00bb custom_padding_last_edited=\u00a0\u00bbon|phone\u00a0\u00bb]<\/p>\n<h4 style=\"text-align: center;\">Conseils et conception de joints toriques et d\u2019articles bas\u00e9s sur un dessin m\u00eame avec des m\u00e9langes sp\u00e9ciaux<\/h4>\n<p>[\/et_pb_text][\/et_pb_column][\/et_pb_row][\/et_pb_section]<\/p>\n","protected":false},"excerpt":{"rendered":"<p>Quelle est notre activit\u00e9TEO.REMA est sp\u00e9cialis\u00e9e dans la production de garnitures en caoutchouc organique, au silicone et fluor\u00e9, de tout type.\u00a0 Notre entreprise poursuit de mani\u00e8re syst\u00e9matique ses efforts dans la recherche de nouvelles solutions technologiques pour l\u2019am\u00e9lioration des proc\u00e9d\u00e9s de fabrication et pour r\u00e9duire au minimum la marge d\u2019erreur, en utilisant des mati\u00e8res premi\u00e8res [&hellip;]<\/p>\n","protected":false},"author":1,"featured_media":0,"parent":0,"menu_order":0,"comment_status":"closed","ping_status":"closed","template":"","meta":{"_et_pb_use_builder":"on","_et_pb_old_content":"","_et_gb_content_width":"","footnotes":""},"class_list":["post-2012","page","type-page","status-publish","hentry"],"yoast_head":"<!-- This site is optimized with the Yoast SEO plugin v27.5 - https:\/\/yoast.com\/product\/yoast-seo-wordpress\/ -->\n<title>Quelle est notre activit\u00e9 - Teo-Rema<\/title>\n<meta name=\"robots\" content=\"index, follow, max-snippet:-1, max-image-preview:large, max-video-preview:-1\" \/>\n<link rel=\"canonical\" href=\"https:\/\/www.teo-rema.it\/che-cosa-facciamo\/\" \/>\n<meta property=\"og:locale\" content=\"fr_FR\" \/>\n<meta property=\"og:type\" content=\"article\" \/>\n<meta property=\"og:title\" content=\"Quelle est notre activit\u00e9 - Teo-Rema\" \/>\n<meta property=\"og:description\" content=\"Quelle est notre activit\u00e9TEO.REMA est sp\u00e9cialis\u00e9e dans la production de garnitures en caoutchouc organique, au silicone et fluor\u00e9, de tout type.\u00a0 Notre entreprise poursuit de mani\u00e8re syst\u00e9matique ses efforts dans la recherche de nouvelles solutions technologiques pour l\u2019am\u00e9lioration des proc\u00e9d\u00e9s de fabrication et pour r\u00e9duire au minimum la marge d\u2019erreur, en utilisant des mati\u00e8res premi\u00e8res [&hellip;]\" \/>\n<meta property=\"og:url\" content=\"https:\/\/www.teo-rema.it\/che-cosa-facciamo\/\" \/>\n<meta property=\"og:site_name\" content=\"Teo-Rema\" \/>\n<meta property=\"article:publisher\" content=\"https:\/\/www.facebook.com\/Teo.remasrlguarnizioniindustriali\/\" \/>\n<meta property=\"article:modified_time\" content=\"2023-04-12T08:23:05+00:00\" \/>\n<meta name=\"twitter:card\" content=\"summary_large_image\" \/>\n<meta name=\"twitter:label1\" content=\"Dur\u00e9e de lecture estim\u00e9e\" \/>\n\t<meta name=\"twitter:data1\" content=\"6 minutes\" \/>\n<script type=\"application\/ld+json\" class=\"yoast-schema-graph\">{\"@context\":\"https:\\\/\\\/schema.org\",\"@graph\":[{\"@type\":\"WebPage\",\"@id\":\"https:\\\/\\\/www.teo-rema.it\\\/che-cosa-facciamo\\\/\",\"url\":\"https:\\\/\\\/www.teo-rema.it\\\/che-cosa-facciamo\\\/\",\"name\":\"Quelle est notre activit\u00e9 - Teo-Rema\",\"isPartOf\":{\"@id\":\"https:\\\/\\\/www.teo-rema.it\\\/#website\"},\"datePublished\":\"2021-04-01T12:37:58+00:00\",\"dateModified\":\"2023-04-12T08:23:05+00:00\",\"breadcrumb\":{\"@id\":\"https:\\\/\\\/www.teo-rema.it\\\/che-cosa-facciamo\\\/#breadcrumb\"},\"inLanguage\":\"fr-FR\",\"potentialAction\":[{\"@type\":\"ReadAction\",\"target\":[\"https:\\\/\\\/www.teo-rema.it\\\/che-cosa-facciamo\\\/\"]}]},{\"@type\":\"BreadcrumbList\",\"@id\":\"https:\\\/\\\/www.teo-rema.it\\\/che-cosa-facciamo\\\/#breadcrumb\",\"itemListElement\":[{\"@type\":\"ListItem\",\"position\":1,\"name\":\"Home\",\"item\":\"https:\\\/\\\/www.teo-rema.it\\\/\"},{\"@type\":\"ListItem\",\"position\":2,\"name\":\"Quelle est notre activit\u00e9\"}]},{\"@type\":\"WebSite\",\"@id\":\"https:\\\/\\\/www.teo-rema.it\\\/#website\",\"url\":\"https:\\\/\\\/www.teo-rema.it\\\/\",\"name\":\"Teo-Rema\",\"description\":\"Guarnizioni Industriali\",\"publisher\":{\"@id\":\"https:\\\/\\\/www.teo-rema.it\\\/#organization\"},\"potentialAction\":[{\"@type\":\"SearchAction\",\"target\":{\"@type\":\"EntryPoint\",\"urlTemplate\":\"https:\\\/\\\/www.teo-rema.it\\\/?s={search_term_string}\"},\"query-input\":{\"@type\":\"PropertyValueSpecification\",\"valueRequired\":true,\"valueName\":\"search_term_string\"}}],\"inLanguage\":\"fr-FR\"},{\"@type\":\"Organization\",\"@id\":\"https:\\\/\\\/www.teo-rema.it\\\/#organization\",\"name\":\"Teo.rema Srl\",\"url\":\"https:\\\/\\\/www.teo-rema.it\\\/\",\"logo\":{\"@type\":\"ImageObject\",\"inLanguage\":\"fr-FR\",\"@id\":\"https:\\\/\\\/www.teo-rema.it\\\/#\\\/schema\\\/logo\\\/image\\\/\",\"url\":\"https:\\\/\\\/www.teo-rema.it\\\/wp-content\\\/uploads\\\/2020\\\/10\\\/logo-teorema.jpg\",\"contentUrl\":\"https:\\\/\\\/www.teo-rema.it\\\/wp-content\\\/uploads\\\/2020\\\/10\\\/logo-teorema.jpg\",\"width\":480,\"height\":164,\"caption\":\"Teo.rema Srl\"},\"image\":{\"@id\":\"https:\\\/\\\/www.teo-rema.it\\\/#\\\/schema\\\/logo\\\/image\\\/\"},\"sameAs\":[\"https:\\\/\\\/www.facebook.com\\\/Teo.remasrlguarnizioniindustriali\\\/\"]}]}<\/script>\n<!-- \/ Yoast SEO plugin. -->","yoast_head_json":{"title":"Quelle est notre activit\u00e9 - Teo-Rema","robots":{"index":"index","follow":"follow","max-snippet":"max-snippet:-1","max-image-preview":"max-image-preview:large","max-video-preview":"max-video-preview:-1"},"canonical":"https:\/\/www.teo-rema.it\/che-cosa-facciamo\/","og_locale":"fr_FR","og_type":"article","og_title":"Quelle est notre activit\u00e9 - Teo-Rema","og_description":"Quelle est notre activit\u00e9TEO.REMA est sp\u00e9cialis\u00e9e dans la production de garnitures en caoutchouc organique, au silicone et fluor\u00e9, de tout type.\u00a0 Notre entreprise poursuit de mani\u00e8re syst\u00e9matique ses efforts dans la recherche de nouvelles solutions technologiques pour l\u2019am\u00e9lioration des proc\u00e9d\u00e9s de fabrication et pour r\u00e9duire au minimum la marge d\u2019erreur, en utilisant des mati\u00e8res premi\u00e8res [&hellip;]","og_url":"https:\/\/www.teo-rema.it\/che-cosa-facciamo\/","og_site_name":"Teo-Rema","article_publisher":"https:\/\/www.facebook.com\/Teo.remasrlguarnizioniindustriali\/","article_modified_time":"2023-04-12T08:23:05+00:00","twitter_card":"summary_large_image","twitter_misc":{"Dur\u00e9e de lecture estim\u00e9e":"6 minutes"},"schema":{"@context":"https:\/\/schema.org","@graph":[{"@type":"WebPage","@id":"https:\/\/www.teo-rema.it\/che-cosa-facciamo\/","url":"https:\/\/www.teo-rema.it\/che-cosa-facciamo\/","name":"Quelle est notre activit\u00e9 - Teo-Rema","isPartOf":{"@id":"https:\/\/www.teo-rema.it\/#website"},"datePublished":"2021-04-01T12:37:58+00:00","dateModified":"2023-04-12T08:23:05+00:00","breadcrumb":{"@id":"https:\/\/www.teo-rema.it\/che-cosa-facciamo\/#breadcrumb"},"inLanguage":"fr-FR","potentialAction":[{"@type":"ReadAction","target":["https:\/\/www.teo-rema.it\/che-cosa-facciamo\/"]}]},{"@type":"BreadcrumbList","@id":"https:\/\/www.teo-rema.it\/che-cosa-facciamo\/#breadcrumb","itemListElement":[{"@type":"ListItem","position":1,"name":"Home","item":"https:\/\/www.teo-rema.it\/"},{"@type":"ListItem","position":2,"name":"Quelle est notre activit\u00e9"}]},{"@type":"WebSite","@id":"https:\/\/www.teo-rema.it\/#website","url":"https:\/\/www.teo-rema.it\/","name":"Teo-Rema","description":"Guarnizioni Industriali","publisher":{"@id":"https:\/\/www.teo-rema.it\/#organization"},"potentialAction":[{"@type":"SearchAction","target":{"@type":"EntryPoint","urlTemplate":"https:\/\/www.teo-rema.it\/?s={search_term_string}"},"query-input":{"@type":"PropertyValueSpecification","valueRequired":true,"valueName":"search_term_string"}}],"inLanguage":"fr-FR"},{"@type":"Organization","@id":"https:\/\/www.teo-rema.it\/#organization","name":"Teo.rema Srl","url":"https:\/\/www.teo-rema.it\/","logo":{"@type":"ImageObject","inLanguage":"fr-FR","@id":"https:\/\/www.teo-rema.it\/#\/schema\/logo\/image\/","url":"https:\/\/www.teo-rema.it\/wp-content\/uploads\/2020\/10\/logo-teorema.jpg","contentUrl":"https:\/\/www.teo-rema.it\/wp-content\/uploads\/2020\/10\/logo-teorema.jpg","width":480,"height":164,"caption":"Teo.rema Srl"},"image":{"@id":"https:\/\/www.teo-rema.it\/#\/schema\/logo\/image\/"},"sameAs":["https:\/\/www.facebook.com\/Teo.remasrlguarnizioniindustriali\/"]}]}},"_links":{"self":[{"href":"https:\/\/www.teo-rema.it\/fr\/wp-json\/wp\/v2\/pages\/2012","targetHints":{"allow":["GET"]}}],"collection":[{"href":"https:\/\/www.teo-rema.it\/fr\/wp-json\/wp\/v2\/pages"}],"about":[{"href":"https:\/\/www.teo-rema.it\/fr\/wp-json\/wp\/v2\/types\/page"}],"author":[{"embeddable":true,"href":"https:\/\/www.teo-rema.it\/fr\/wp-json\/wp\/v2\/users\/1"}],"replies":[{"embeddable":true,"href":"https:\/\/www.teo-rema.it\/fr\/wp-json\/wp\/v2\/comments?post=2012"}],"version-history":[{"count":4,"href":"https:\/\/www.teo-rema.it\/fr\/wp-json\/wp\/v2\/pages\/2012\/revisions"}],"predecessor-version":[{"id":3213,"href":"https:\/\/www.teo-rema.it\/fr\/wp-json\/wp\/v2\/pages\/2012\/revisions\/3213"}],"wp:attachment":[{"href":"https:\/\/www.teo-rema.it\/fr\/wp-json\/wp\/v2\/media?parent=2012"}],"curies":[{"name":"wp","href":"https:\/\/api.w.org\/{rel}","templated":true}]}}