{"id":2230,"date":"2021-04-02T17:13:12","date_gmt":"2021-04-02T15:13:12","guid":{"rendered":"https:\/\/www.teo-rema.it\/materiaux-2\/"},"modified":"2021-04-02T17:27:39","modified_gmt":"2021-04-02T15:27:39","slug":"materiaux-2","status":"publish","type":"page","link":"https:\/\/www.teo-rema.it\/fr\/materiaux-2\/","title":{"rendered":"Mat\u00e8riaux"},"content":{"rendered":"<p>[et_pb_section fb_built=\u00a0\u00bb1&Prime; custom_padding_last_edited=\u00a0\u00bbon|tablet\u00a0\u00bb admin_label=\u00a0\u00bbHero\u00a0\u00bb _builder_version=\u00a0\u00bb4.6.6&Prime; use_background_color_gradient=\u00a0\u00bbon\u00a0\u00bb background_color_gradient_start=\u00a0\u00bbrgba(27,31,37,0)\u00a0\u00bb background_color_gradient_end=\u00a0\u00bb#1b1f25&Prime; background_color_gradient_overlays_image=\u00a0\u00bbon\u00a0\u00bb background_image=\u00a0\u00bbhttps:\/\/www.teo-rema.it\/wp-content\/uploads\/2020\/11\/guarnizioni-industriali-teorema-brescia-014-2880w.jpg\u00a0\u00bb background_position=\u00a0\u00bbcenter_left\u00a0\u00bb custom_margin=\u00a0\u00bb-131px|||||\u00a0\u00bb custom_padding=\u00a0\u00bb0px|16.8%|0px|16.8%|true|true\u00a0\u00bb custom_padding_tablet=\u00a0\u00bb|30px||30px||true\u00a0\u00bb custom_padding_phone=\u00a0\u00bb|||||true\u00a0\u00bb locked=\u00a0\u00bboff\u00a0\u00bb][et_pb_row column_structure=\u00a0\u00bb2_3,1_3&Prime; padding_top_bottom_link_1=\u00a0\u00bbtrue\u00a0\u00bb padding_left_right_link_1=\u00a0\u00bbtrue\u00a0\u00bb _builder_version=\u00a0\u00bb4.6.6&Prime; background_size=\u00a0\u00bbinitial\u00a0\u00bb background_position=\u00a0\u00bbtop_left\u00a0\u00bb width=\u00a0\u00bb100%\u00a0\u00bb max_width=\u00a0\u00bb100%\u00a0\u00bb custom_margin=\u00a0\u00bb165px|auto|47px|auto||\u00a0\u00bb custom_padding=\u00a0\u00bb0||0px||false|false\u00a0\u00bb use_custom_width=\u00a0\u00bbon\u00a0\u00bb width_unit=\u00a0\u00bboff\u00a0\u00bb custom_width_percent=\u00a0\u00bb100%\u00a0\u00bb][et_pb_column type=\u00a0\u00bb2_3&Prime; _builder_version=\u00a0\u00bb3.25&Prime; use_background_color_gradient=\u00a0\u00bbon\u00a0\u00bb background_color_gradient_start=\u00a0\u00bbrgba(0,0,0,0.12)\u00a0\u00bb background_color_gradient_end=\u00a0\u00bbrgba(255,255,255,0)\u00a0\u00bb custom_padding=\u00a0\u00bb12vw|40px|12vw|40px\u00a0\u00bb custom_padding_tablet=\u00a0\u00bb|||\u00a0\u00bb custom_padding_phone=\u00a0\u00bb|10px||10px||true\u00a0\u00bb custom_padding_last_edited=\u00a0\u00bbon|desktop\u00a0\u00bb padding_phone=\u00a0\u00bb|10px||10px||true\u00a0\u00bb padding_tablet=\u00a0\u00bb|||\u00a0\u00bb padding_last_edited=\u00a0\u00bbon|desktop\u00a0\u00bb custom_padding__hover=\u00a0\u00bb|||\u00a0\u00bb][et_pb_text _builder_version=\u00a0\u00bb4.7.4&Prime; text_font=\u00a0\u00bbUbuntu||||||||\u00a0\u00bb text_font_size=\u00a0\u00bb20px\u00a0\u00bb text_line_height=\u00a0\u00bb1.8em\u00a0\u00bb header_font=\u00a0\u00bbTeko|500||on|||||\u00a0\u00bb header_font_size=\u00a0\u00bb9vw\u00a0\u00bb header_letter_spacing=\u00a0\u00bb0.05em\u00a0\u00bb header_line_height=\u00a0\u00bb0.9em\u00a0\u00bb background_layout=\u00a0\u00bbdark\u00a0\u00bb custom_margin=\u00a0\u00bb|-10vw|0px|\u00a0\u00bb custom_margin_tablet=\u00a0\u00bb|0vw||\u00a0\u00bb custom_margin_phone=\u00a0\u00bb|-5vw||\u00a0\u00bb custom_margin_last_edited=\u00a0\u00bbon|tablet\u00a0\u00bb animation_style=\u00a0\u00bbzoom\u00a0\u00bb animation_delay=\u00a0\u00bb100ms\u00a0\u00bb animation_intensity_zoom=\u00a0\u00bb10%\u00a0\u00bb header_font_size_tablet=\u00a0\u00bb\u00a0\u00bb header_font_size_phone=\u00a0\u00bb\u00a0\u00bb header_font_size_last_edited=\u00a0\u00bbon|phone\u00a0\u00bb header_line_height_tablet=\u00a0\u00bb\u00a0\u00bb header_line_height_phone=\u00a0\u00bb1.2em\u00a0\u00bb header_line_height_last_edited=\u00a0\u00bbon|phone\u00a0\u00bb header_text_shadow_style=\u00a0\u00bbpreset1&Prime; header_text_shadow_vertical_length=\u00a0\u00bb0.18em\u00a0\u00bb header_text_shadow_blur_strength=\u00a0\u00bb0.27em\u00a0\u00bb header_text_shadow_color=\u00a0\u00bbrgba(0,0,0,0.38)\u00a0\u00bb]<\/p>\n<h1>Mat\u00e8riaux<\/h1>\n<p>[\/et_pb_text][\/et_pb_column][et_pb_column type=\u00a0\u00bb1_3&Prime; _builder_version=\u00a0\u00bb3.25&Prime; custom_padding=\u00a0\u00bb|||\u00a0\u00bb custom_padding__hover=\u00a0\u00bb|||\u00a0\u00bb][\/et_pb_column][\/et_pb_row][\/et_pb_section][et_pb_section fb_built=\u00a0\u00bb1&Prime; _builder_version=\u00a0\u00bb4.8.1&Prime; _module_preset=\u00a0\u00bbdefault\u00a0\u00bb][et_pb_row _builder_version=\u00a0\u00bb4.9.2&Prime; _module_preset=\u00a0\u00bbdefault\u00a0\u00bb][et_pb_column type=\u00a0\u00bb4_4&Prime; _builder_version=\u00a0\u00bb4.9.2&Prime; _module_preset=\u00a0\u00bbdefault\u00a0\u00bb][et_pb_accordion open_toggle_text_color=\u00a0\u00bb#474747&Prime; open_toggle_background_color=\u00a0\u00bb#FFFFFF\u00a0\u00bb closed_toggle_background_color=\u00a0\u00bb#E02B20&Prime; icon_color=\u00a0\u00bb#FFFFFF\u00a0\u00bb _builder_version=\u00a0\u00bb4.9.3&Prime; _module_preset=\u00a0\u00bbdefault\u00a0\u00bb toggle_text_color=\u00a0\u00bb#FFFFFF\u00a0\u00bb background_color=\u00a0\u00bb#FFFFFF\u00a0\u00bb hover_enabled=\u00a0\u00bb0&Prime; sticky_enabled=\u00a0\u00bb0&Prime;][et_pb_accordion_item title=\u00a0\u00bbNBR &#8211; Butadi\u00e9ne \/ Acrylonitrile\u00a0\u00bb open=\u00a0\u00bbon\u00a0\u00bb _builder_version=\u00a0\u00bb4.9.3&Prime; _module_preset=\u00a0\u00bbdefault\u00a0\u00bb hover_enabled=\u00a0\u00bb0&Prime; sticky_enabled=\u00a0\u00bb0&Prime;]<\/p>\n<ul>\n<li><strong><span style=\"color: #ff0000;\">Duret\u00e8 Shore A<\/span><\/strong>: 35 &#8211; 95 (<strong>Methode d&rsquo;essai:<\/strong> DIN 53505 &#8211; ASTM D2240)<\/li>\n<li><strong><span style=\"color: #ff0000;\">Temp\u00e9rature de fonctionnement<\/span><\/strong>: -36 \/ +115\u00a0<\/li>\n<\/ul>\n<p style=\"text-align: justify;\">Bonnes caract\u00e9ristiques m\u00e9caniques et r\u00e9sistance excellente aux huiles min\u00e9rales et aux gras. Selon la teneur en acrylonitrile nous pouvons formuler des mat\u00e9riaux ayant une bonne r\u00e9sistance aux essences et aux basses temp\u00e9ratures. Nous disposons de formulations enrichies compatibles avec l&rsquo;ozone et le gaz.<\/p>\n<p>&nbsp;<\/p>\n<p>[\/et_pb_accordion_item][et_pb_accordion_item title=\u00a0\u00bbHNBR &#8211; Butadiene Therban Acrilonitrile Idrogenato\u00a0\u00bb open=\u00a0\u00bboff\u00a0\u00bb _builder_version=\u00a0\u00bb4.9.3&Prime; _module_preset=\u00a0\u00bbdefault\u00a0\u00bb hover_enabled=\u00a0\u00bb0&Prime; sticky_enabled=\u00a0\u00bb0&Prime;]<\/p>\n<ul>\n<li><strong><span style=\"color: #ff0000;\">Duret\u00e8 Shore A<\/span><\/strong>: 50 &#8211; 90 (<strong>Methode d&rsquo;essai:<\/strong> DIN 53505 &#8211; ASTM D2240)<\/li>\n<li><strong><span style=\"color: #ff0000;\">Temperature de foncionnement<\/span><\/strong>: -45 \/ +150<\/li>\n<\/ul>\n<p style=\"text-align: justify;\">\u00c0 la diff\u00e9rence des caract\u00e9ristiques standard du NBR il a une bonne r\u00e9sistance \u00e0 l\u2019ozone et aux autres conditions atmosph\u00e9riques. Il a une r\u00e9sistance excellente au vieillissement thermique \u00e0 des temp\u00e9ratures d\u00e9passant les 150\u00b0C et en pr\u00e9sence de liquides r\u00e9frig\u00e9r\u00e9s. Toutes les autres caract\u00e9ristiques sont similaires au NBR<\/p>\n<p>[\/et_pb_accordion_item][et_pb_accordion_item title=\u00a0\u00bbEPDM &#8211; Etilene Propilene Diene\u00a0\u00bb open=\u00a0\u00bboff\u00a0\u00bb _builder_version=\u00a0\u00bb4.9.3&Prime; _module_preset=\u00a0\u00bbdefault\u00a0\u00bb hover_enabled=\u00a0\u00bb0&Prime; sticky_enabled=\u00a0\u00bb0&Prime;]<\/p>\n<ul>\n<li><strong><span style=\"color: #ff0000;\">Duret\u00e8 Shore A<\/span><\/strong>: 35 &#8211; 85 (<strong>Methode d&rsquo;essai:<\/strong> DIN 53505 &#8211; ASTM D2240)<\/li>\n<li><strong><span style=\"color: #ff0000;\">Temp\u00e8rature de fonctionnement<\/span><\/strong>: -50 \/ +150<\/li>\n<\/ul>\n<p style=\"text-align: justify;\">R\u00e9sistance excellente \u00e0 la temp\u00e9rature, au liquide de frein, \u00e0 l\u2019alcool, \u00e0 l\u2019ozone, aux vapeurs d\u2019eau.<\/p>\n<p>[\/et_pb_accordion_item][et_pb_accordion_item title=\u00a0\u00bbVMQ &#8211; Silicone\u00a0\u00bb open=\u00a0\u00bboff\u00a0\u00bb _builder_version=\u00a0\u00bb4.9.3&Prime; _module_preset=\u00a0\u00bbdefault\u00a0\u00bb hover_enabled=\u00a0\u00bb0&Prime; sticky_enabled=\u00a0\u00bb0&Prime;]<\/p>\n<ul>\n<li><strong><span style=\"color: #ff0000;\">Duret\u00e8 Shore A<\/span><\/strong>: 20 &#8211; 90 (<strong>Methode d&rsquo;essai:<\/strong> DIN 53505 &#8211; ASTM D2240)<\/li>\n<li><strong><span style=\"color: #ff0000;\">Temperature de fonctionnement<\/span><\/strong>: -60 \/ +210 special high temperature series<br \/>up to 280 \u00b0 C<\/li>\n<\/ul>\n<p style=\"text-align: justify;\">Bonne r\u00e9sistance aux hautes temp\u00e9ratures, \u00e0 l\u2019ozone et r\u00e9sistance satisfaisante aux huiles min\u00e9rales<\/p>\n<p>&nbsp;<\/p>\n<p>[\/et_pb_accordion_item][et_pb_accordion_item title=\u00a0\u00bbFVMQ &#8211; Fluorosilicone\u00a0\u00bb open=\u00a0\u00bboff\u00a0\u00bb _builder_version=\u00a0\u00bb4.9.3&Prime; _module_preset=\u00a0\u00bbdefault\u00a0\u00bb hover_enabled=\u00a0\u00bb0&Prime; sticky_enabled=\u00a0\u00bb0&Prime;]<\/p>\n<ul>\n<li><strong><span style=\"color: #ff0000;\">Duret\u00e8 Shore A<\/span><\/strong>: 20 &#8211; 80 (<strong>Methode d&rsquo;essai:<\/strong> DIN 53505 &#8211; ASTM D2240)<\/li>\n<li><strong><span style=\"color: #ff0000;\">Temperature de fonctionnement<\/span><\/strong>: -55 \/ +200 with tips at 250\u00b0C<\/li>\n<\/ul>\n<p style=\"text-align: justify;\">Il combine les bonnes r\u00e9sistances \u00e0 froid du silicone aux r\u00e9sistances aux essences des fluoro\u00e9lastom\u00e8res. Il est utilis\u00e9 surtout dans le secteur Automobile et A\u00e9rospatial.<\/p>\n<p>[\/et_pb_accordion_item][et_pb_accordion_item title=\u00a0\u00bbFKM &#8211; Fluoroelastomero\u00a0\u00bb open=\u00a0\u00bboff\u00a0\u00bb _builder_version=\u00a0\u00bb4.9.3&Prime; _module_preset=\u00a0\u00bbdefault\u00a0\u00bb hover_enabled=\u00a0\u00bb0&Prime; sticky_enabled=\u00a0\u00bb0&Prime;]<\/p>\n<ul>\n<li><strong><span style=\"color: #ff0000;\">Duret\u00e8 Shore A<\/span><\/strong>: 20 &#8211; 90 (<strong>Methode d&rsquo;essai:<\/strong> DIN 53505 &#8211; ASTM D2240)<\/li>\n<li><strong><span style=\"color: #ff0000;\">Temperature de fonctionnement<\/span><\/strong>: -25 \/ +250 special degrees at -40 \u00b0 C<\/li>\n<\/ul>\n<p style=\"text-align: justify;\">Le FKM poss\u00e8de la r\u00e9sistance la meilleure aux huiles min\u00e9rales, aux essences, aux huile hydrauliques synth\u00e9tiques, aux hautes temp\u00e9ratures (air).<\/p>\n<p>[\/et_pb_accordion_item][et_pb_accordion_item title=\u00a0\u00bbFFKM &#8211; Perfluoroelastomero\u00a0\u00bb open=\u00a0\u00bboff\u00a0\u00bb _builder_version=\u00a0\u00bb4.9.3&Prime; _module_preset=\u00a0\u00bbdefault\u00a0\u00bb hover_enabled=\u00a0\u00bb0&Prime; sticky_enabled=\u00a0\u00bb0&Prime;]<\/p>\n<ul>\n<li><strong><span style=\"color: #ff0000;\">Duret\u00e8 Shore A<\/span><\/strong>: 65 &#8211; 90 (<strong>Methode d&rsquo;essai:<\/strong> DIN 53505 &#8211; ASTM D2240)<\/li>\n<li><strong><span style=\"color: #ff0000;\">Temperature de fonctionnement<\/span><\/strong>: -20 \/ +310special degrees at -40 \u00b0 C<\/li>\n<\/ul>\n<p style=\"text-align: justify;\">R\u00e9sistance excellente aux hautes temp\u00e9ratures, aux substances chimiques et capacit\u00e9 de supporter les environnements o\u00f9 l\u2019oxyg\u00e8ne-plasma sont pr\u00e9sents pendant plusieurs heures. Ils sont utilis\u00e9s dans des applications pr\u00e9voyant le contact avec des hydrocarbures ou des fluides hautement corrosifs, ou en pr\u00e9sence d\u2019une plage de temp\u00e9ratures tr\u00e8s vaste.<\/p>\n<p>[\/et_pb_accordion_item][et_pb_accordion_item title=\u00a0\u00bbAFLAS &#8211; Termopolimero\u00a0\u00bb open=\u00a0\u00bboff\u00a0\u00bb _builder_version=\u00a0\u00bb4.9.3&Prime; _module_preset=\u00a0\u00bbdefault\u00a0\u00bb hover_enabled=\u00a0\u00bb0&Prime; sticky_enabled=\u00a0\u00bb0&Prime;]<\/p>\n<ul>\n<li><strong><span style=\"color: #ff0000;\">Duret\u00e8 Shore A<\/span><\/strong>: 60 &#8211; 90 (<strong>Methode d&rsquo;essai:<\/strong> DIN 53505 &#8211; ASTM D2240)<\/li>\n<li><strong><span style=\"color: #ff0000;\">Temperature de fonctionnement<\/span><\/strong>: -20 \/ +230\u00a0<\/li>\n<\/ul>\n<p style=\"text-align: justify;\">R\u00e9sistance excellente aux huiles basiques et aux amines.<\/p>\n<p>[\/et_pb_accordion_item][et_pb_accordion_item title=\u00a0\u00bbACM &#8211; Poliacrilica\u00a0\u00bb open=\u00a0\u00bboff\u00a0\u00bb _builder_version=\u00a0\u00bb4.9.3&Prime; _module_preset=\u00a0\u00bbdefault\u00a0\u00bb hover_enabled=\u00a0\u00bb0&Prime; sticky_enabled=\u00a0\u00bb0&Prime;]<\/p>\n<ul>\n<li><strong><span style=\"color: #ff0000;\">Duret\u00e8 Shore A<\/span><\/strong>: 50 &#8211; 80 (<strong>Methode d&rsquo;essai:<\/strong> DIN 53505 &#8211; ASTM D2240)<\/li>\n<li><strong><span style=\"color: #ff0000;\">Temperature de fonctionnement<\/span><\/strong>: -30 \/ +180<\/li>\n<\/ul>\n<p style=\"text-align: justify;\">R\u00e9sistance excellente aux huiles et aux hautes temp\u00e9ratures. Il est utilis\u00e9 dans les applications automobiles. Il a une r\u00e9sistance excellente aux hautes temp\u00e9ratures, mais pas aussi bonne aux basses temp\u00e9ratures<\/p>\n<p>[\/et_pb_accordion_item][et_pb_accordion_item title=\u00a0\u00bbAEM &#8211; Copolimero acrilato di etile\u00a0\u00bb open=\u00a0\u00bboff\u00a0\u00bb _builder_version=\u00a0\u00bb4.9.3&Prime; _module_preset=\u00a0\u00bbdefault\u00a0\u00bb hover_enabled=\u00a0\u00bb0&Prime; sticky_enabled=\u00a0\u00bb0&Prime;]<\/p>\n<ul>\n<li><strong><span style=\"color: #ff0000;\">Duret\u00e8 Shore A<\/span><\/strong>: 50 &#8211; 70 (<strong>Methode d&rsquo;essai:<\/strong> DIN 53505 &#8211; ASTM D2240)<\/li>\n<li><strong><span style=\"color: #ff0000;\">Temperature de fonctionnement<\/span><\/strong>: -10 \/ +160<\/li>\n<\/ul>\n<p style=\"text-align: justify;\">R\u00e9sistance excellente aux huiles et aux hautes temp\u00e9ratures. Il est utilis\u00e9 dans les applications automobiles. Il a une r\u00e9sistance excellente tant aux basses temp\u00e9ratures qu\u2019aux hautes temp\u00e9ratures, au rayonnement UV, \u00e0 l\u2019ozone et aux agents atmosph\u00e9riques.<\/p>\n<p>[\/et_pb_accordion_item][et_pb_accordion_item title=\u00a0\u00bbCR &#8211; Cloroprene Neoprene\u00a0\u00bb open=\u00a0\u00bboff\u00a0\u00bb _builder_version=\u00a0\u00bb4.9.3&Prime; _module_preset=\u00a0\u00bbdefault\u00a0\u00bb hover_enabled=\u00a0\u00bb0&Prime; sticky_enabled=\u00a0\u00bb0&Prime;]<\/p>\n<ul>\n<li><strong><span style=\"color: #ff0000;\">Duret\u00e8 Shore A<\/span><\/strong>: 50 &#8211; 80 (<strong>Methode d&rsquo;essai:<\/strong> DIN 53505 &#8211; ASTM D2240)<\/li>\n<li><strong><span style=\"color: #ff0000;\">Temperature de fonctionnement<\/span><\/strong>: -45 \/ +110<\/li>\n<\/ul>\n<p style=\"text-align: justify;\">R\u00e9sistance excellente aux liquides r\u00e9frig\u00e9r\u00e9s et bonne r\u00e9sistance \u00e0 l\u2019ozone et aux solutions salines.<\/p>\n<p>[\/et_pb_accordion_item][et_pb_accordion_item title=\u00a0\u00bbECO &#8211; Copolimero\u00a0\u00bb open=\u00a0\u00bboff\u00a0\u00bb _builder_version=\u00a0\u00bb4.9.3&Prime; _module_preset=\u00a0\u00bbdefault\u00a0\u00bb hover_enabled=\u00a0\u00bb0&Prime; sticky_enabled=\u00a0\u00bb0&Prime;]<\/p>\n<ul>\n<li><strong><span style=\"color: #ff0000;\">Duret\u00e8 Shore A<\/span><\/strong>: 40 &#8211; 75 (<strong>Methode d&rsquo;essai:<\/strong> DIN 53505 &#8211; ASTM D2240)<\/li>\n<li><strong><span style=\"color: #ff0000;\">Temperature de fonctionnement<\/span><\/strong>: -50 \/ +120<\/li>\n<\/ul>\n<p style=\"text-align: justify;\">Excellente r\u00e9sistance \u00e0 la flamme et excellente flexibilit\u00e9 aux basses temp\u00e9ratures.<\/p>\n<p>[\/et_pb_accordion_item][\/et_pb_accordion][\/et_pb_column][\/et_pb_row][\/et_pb_section]<\/p>\n","protected":false},"excerpt":{"rendered":"<p>Mat\u00e8riaux Duret\u00e8 Shore A: 35 &#8211; 95 (Methode d&rsquo;essai: DIN 53505 &#8211; ASTM D2240) Temp\u00e9rature de fonctionnement: -36 \/ +115\u00a0 Bonnes caract\u00e9ristiques m\u00e9caniques et r\u00e9sistance excellente aux huiles min\u00e9rales et aux gras. Selon la teneur en acrylonitrile nous pouvons formuler des mat\u00e9riaux ayant une bonne r\u00e9sistance aux essences et aux basses temp\u00e9ratures. Nous disposons de [&hellip;]<\/p>\n","protected":false},"author":1,"featured_media":0,"parent":0,"menu_order":0,"comment_status":"closed","ping_status":"closed","template":"","meta":{"_et_pb_use_builder":"on","_et_pb_old_content":"","_et_gb_content_width":"","footnotes":""},"class_list":["post-2230","page","type-page","status-publish","hentry"],"yoast_head":"<!-- This site is optimized with the Yoast SEO plugin v27.5 - https:\/\/yoast.com\/product\/yoast-seo-wordpress\/ -->\n<title>Mat\u00e8riaux - Teo-Rema<\/title>\n<meta name=\"robots\" content=\"index, follow, max-snippet:-1, max-image-preview:large, max-video-preview:-1\" \/>\n<link rel=\"canonical\" href=\"https:\/\/www.teo-rema.it\/fr\/materiaux-2\/\" \/>\n<meta property=\"og:locale\" content=\"fr_FR\" \/>\n<meta property=\"og:type\" content=\"article\" \/>\n<meta property=\"og:title\" content=\"Mat\u00e8riaux - Teo-Rema\" \/>\n<meta property=\"og:description\" content=\"Mat\u00e8riaux Duret\u00e8 Shore A: 35 - 95 (Methode d&#039;essai: DIN 53505 - ASTM D2240) Temp\u00e9rature de fonctionnement: -36 \/ +115\u00a0 Bonnes caract\u00e9ristiques m\u00e9caniques et r\u00e9sistance excellente aux huiles min\u00e9rales et aux gras. Selon la teneur en acrylonitrile nous pouvons formuler des mat\u00e9riaux ayant une bonne r\u00e9sistance aux essences et aux basses temp\u00e9ratures. Nous disposons de [&hellip;]\" \/>\n<meta property=\"og:url\" content=\"https:\/\/www.teo-rema.it\/fr\/materiaux-2\/\" \/>\n<meta property=\"og:site_name\" content=\"Teo-Rema\" \/>\n<meta property=\"article:publisher\" content=\"https:\/\/www.facebook.com\/Teo.remasrlguarnizioniindustriali\/\" \/>\n<meta property=\"article:modified_time\" content=\"2021-04-02T15:27:39+00:00\" \/>\n<meta name=\"twitter:card\" content=\"summary_large_image\" \/>\n<meta name=\"twitter:label1\" content=\"Dur\u00e9e de lecture estim\u00e9e\" \/>\n\t<meta name=\"twitter:data1\" content=\"6 minutes\" \/>\n<script type=\"application\/ld+json\" class=\"yoast-schema-graph\">{\"@context\":\"https:\\\/\\\/schema.org\",\"@graph\":[{\"@type\":\"WebPage\",\"@id\":\"https:\\\/\\\/www.teo-rema.it\\\/fr\\\/materiaux-2\\\/\",\"url\":\"https:\\\/\\\/www.teo-rema.it\\\/fr\\\/materiaux-2\\\/\",\"name\":\"Mat\u00e8riaux - Teo-Rema\",\"isPartOf\":{\"@id\":\"https:\\\/\\\/www.teo-rema.it\\\/#website\"},\"datePublished\":\"2021-04-02T15:13:12+00:00\",\"dateModified\":\"2021-04-02T15:27:39+00:00\",\"breadcrumb\":{\"@id\":\"https:\\\/\\\/www.teo-rema.it\\\/fr\\\/materiaux-2\\\/#breadcrumb\"},\"inLanguage\":\"fr-FR\",\"potentialAction\":[{\"@type\":\"ReadAction\",\"target\":[\"https:\\\/\\\/www.teo-rema.it\\\/fr\\\/materiaux-2\\\/\"]}]},{\"@type\":\"BreadcrumbList\",\"@id\":\"https:\\\/\\\/www.teo-rema.it\\\/fr\\\/materiaux-2\\\/#breadcrumb\",\"itemListElement\":[{\"@type\":\"ListItem\",\"position\":1,\"name\":\"Home\",\"item\":\"https:\\\/\\\/www.teo-rema.it\\\/\"},{\"@type\":\"ListItem\",\"position\":2,\"name\":\"Mat\u00e8riaux\"}]},{\"@type\":\"WebSite\",\"@id\":\"https:\\\/\\\/www.teo-rema.it\\\/#website\",\"url\":\"https:\\\/\\\/www.teo-rema.it\\\/\",\"name\":\"Teo-Rema\",\"description\":\"Guarnizioni Industriali\",\"publisher\":{\"@id\":\"https:\\\/\\\/www.teo-rema.it\\\/#organization\"},\"potentialAction\":[{\"@type\":\"SearchAction\",\"target\":{\"@type\":\"EntryPoint\",\"urlTemplate\":\"https:\\\/\\\/www.teo-rema.it\\\/?s={search_term_string}\"},\"query-input\":{\"@type\":\"PropertyValueSpecification\",\"valueRequired\":true,\"valueName\":\"search_term_string\"}}],\"inLanguage\":\"fr-FR\"},{\"@type\":\"Organization\",\"@id\":\"https:\\\/\\\/www.teo-rema.it\\\/#organization\",\"name\":\"Teo.rema Srl\",\"url\":\"https:\\\/\\\/www.teo-rema.it\\\/\",\"logo\":{\"@type\":\"ImageObject\",\"inLanguage\":\"fr-FR\",\"@id\":\"https:\\\/\\\/www.teo-rema.it\\\/#\\\/schema\\\/logo\\\/image\\\/\",\"url\":\"https:\\\/\\\/www.teo-rema.it\\\/wp-content\\\/uploads\\\/2020\\\/10\\\/logo-teorema.jpg\",\"contentUrl\":\"https:\\\/\\\/www.teo-rema.it\\\/wp-content\\\/uploads\\\/2020\\\/10\\\/logo-teorema.jpg\",\"width\":480,\"height\":164,\"caption\":\"Teo.rema Srl\"},\"image\":{\"@id\":\"https:\\\/\\\/www.teo-rema.it\\\/#\\\/schema\\\/logo\\\/image\\\/\"},\"sameAs\":[\"https:\\\/\\\/www.facebook.com\\\/Teo.remasrlguarnizioniindustriali\\\/\"]}]}<\/script>\n<!-- \/ Yoast SEO plugin. -->","yoast_head_json":{"title":"Mat\u00e8riaux - Teo-Rema","robots":{"index":"index","follow":"follow","max-snippet":"max-snippet:-1","max-image-preview":"max-image-preview:large","max-video-preview":"max-video-preview:-1"},"canonical":"https:\/\/www.teo-rema.it\/fr\/materiaux-2\/","og_locale":"fr_FR","og_type":"article","og_title":"Mat\u00e8riaux - Teo-Rema","og_description":"Mat\u00e8riaux Duret\u00e8 Shore A: 35 - 95 (Methode d'essai: DIN 53505 - ASTM D2240) Temp\u00e9rature de fonctionnement: -36 \/ +115\u00a0 Bonnes caract\u00e9ristiques m\u00e9caniques et r\u00e9sistance excellente aux huiles min\u00e9rales et aux gras. Selon la teneur en acrylonitrile nous pouvons formuler des mat\u00e9riaux ayant une bonne r\u00e9sistance aux essences et aux basses temp\u00e9ratures. Nous disposons de [&hellip;]","og_url":"https:\/\/www.teo-rema.it\/fr\/materiaux-2\/","og_site_name":"Teo-Rema","article_publisher":"https:\/\/www.facebook.com\/Teo.remasrlguarnizioniindustriali\/","article_modified_time":"2021-04-02T15:27:39+00:00","twitter_card":"summary_large_image","twitter_misc":{"Dur\u00e9e de lecture estim\u00e9e":"6 minutes"},"schema":{"@context":"https:\/\/schema.org","@graph":[{"@type":"WebPage","@id":"https:\/\/www.teo-rema.it\/fr\/materiaux-2\/","url":"https:\/\/www.teo-rema.it\/fr\/materiaux-2\/","name":"Mat\u00e8riaux - Teo-Rema","isPartOf":{"@id":"https:\/\/www.teo-rema.it\/#website"},"datePublished":"2021-04-02T15:13:12+00:00","dateModified":"2021-04-02T15:27:39+00:00","breadcrumb":{"@id":"https:\/\/www.teo-rema.it\/fr\/materiaux-2\/#breadcrumb"},"inLanguage":"fr-FR","potentialAction":[{"@type":"ReadAction","target":["https:\/\/www.teo-rema.it\/fr\/materiaux-2\/"]}]},{"@type":"BreadcrumbList","@id":"https:\/\/www.teo-rema.it\/fr\/materiaux-2\/#breadcrumb","itemListElement":[{"@type":"ListItem","position":1,"name":"Home","item":"https:\/\/www.teo-rema.it\/"},{"@type":"ListItem","position":2,"name":"Mat\u00e8riaux"}]},{"@type":"WebSite","@id":"https:\/\/www.teo-rema.it\/#website","url":"https:\/\/www.teo-rema.it\/","name":"Teo-Rema","description":"Guarnizioni Industriali","publisher":{"@id":"https:\/\/www.teo-rema.it\/#organization"},"potentialAction":[{"@type":"SearchAction","target":{"@type":"EntryPoint","urlTemplate":"https:\/\/www.teo-rema.it\/?s={search_term_string}"},"query-input":{"@type":"PropertyValueSpecification","valueRequired":true,"valueName":"search_term_string"}}],"inLanguage":"fr-FR"},{"@type":"Organization","@id":"https:\/\/www.teo-rema.it\/#organization","name":"Teo.rema Srl","url":"https:\/\/www.teo-rema.it\/","logo":{"@type":"ImageObject","inLanguage":"fr-FR","@id":"https:\/\/www.teo-rema.it\/#\/schema\/logo\/image\/","url":"https:\/\/www.teo-rema.it\/wp-content\/uploads\/2020\/10\/logo-teorema.jpg","contentUrl":"https:\/\/www.teo-rema.it\/wp-content\/uploads\/2020\/10\/logo-teorema.jpg","width":480,"height":164,"caption":"Teo.rema Srl"},"image":{"@id":"https:\/\/www.teo-rema.it\/#\/schema\/logo\/image\/"},"sameAs":["https:\/\/www.facebook.com\/Teo.remasrlguarnizioniindustriali\/"]}]}},"_links":{"self":[{"href":"https:\/\/www.teo-rema.it\/fr\/wp-json\/wp\/v2\/pages\/2230","targetHints":{"allow":["GET"]}}],"collection":[{"href":"https:\/\/www.teo-rema.it\/fr\/wp-json\/wp\/v2\/pages"}],"about":[{"href":"https:\/\/www.teo-rema.it\/fr\/wp-json\/wp\/v2\/types\/page"}],"author":[{"embeddable":true,"href":"https:\/\/www.teo-rema.it\/fr\/wp-json\/wp\/v2\/users\/1"}],"replies":[{"embeddable":true,"href":"https:\/\/www.teo-rema.it\/fr\/wp-json\/wp\/v2\/comments?post=2230"}],"version-history":[{"count":11,"href":"https:\/\/www.teo-rema.it\/fr\/wp-json\/wp\/v2\/pages\/2230\/revisions"}],"predecessor-version":[{"id":2243,"href":"https:\/\/www.teo-rema.it\/fr\/wp-json\/wp\/v2\/pages\/2230\/revisions\/2243"}],"wp:attachment":[{"href":"https:\/\/www.teo-rema.it\/fr\/wp-json\/wp\/v2\/media?parent=2230"}],"curies":[{"name":"wp","href":"https:\/\/api.w.org\/{rel}","templated":true}]}}