{"id":2738,"date":"2023-03-22T14:04:42","date_gmt":"2023-03-22T13:04:42","guid":{"rendered":"https:\/\/www.teo-rema.it\/conditions-generales-dutilisation\/"},"modified":"2023-03-22T14:10:50","modified_gmt":"2023-03-22T13:10:50","slug":"conditions-generales-dutilisation","status":"publish","type":"page","link":"https:\/\/www.teo-rema.it\/fr\/conditions-generales-dutilisation\/","title":{"rendered":"Conditions g\u00e9n\u00e9rales d&rsquo;utilisation"},"content":{"rendered":"<p>[et_pb_section fb_built=\u00a0\u00bb1&Prime; _builder_version=\u00a0\u00bb4.20.2&Prime; _module_preset=\u00a0\u00bbdefault\u00a0\u00bb global_colors_info=\u00a0\u00bb{}\u00a0\u00bb][et_pb_row _builder_version=\u00a0\u00bb4.20.2&Prime; _module_preset=\u00a0\u00bbdefault\u00a0\u00bb global_colors_info=\u00a0\u00bb{}\u00a0\u00bb][et_pb_column type=\u00a0\u00bb4_4&Prime; _builder_version=\u00a0\u00bb4.20.2&Prime; _module_preset=\u00a0\u00bbdefault\u00a0\u00bb global_colors_info=\u00a0\u00bb{}\u00a0\u00bb][et_pb_text _builder_version=\u00a0\u00bb4.20.2&Prime; _module_preset=\u00a0\u00bbdefault\u00a0\u00bb hover_enabled=\u00a0\u00bb0&Prime; global_colors_info=\u00a0\u00bb{}\u00a0\u00bb sticky_enabled=\u00a0\u00bb0&Prime;]<\/p>\n<p><strong>Conditions g\u00e9n\u00e9rales d&rsquo;utilisation<\/strong><\/p>\n<p><strong>Objet<\/strong><\/p>\n<p>L&rsquo;acc\u00e8s et l&rsquo;utilisation du site www.teo-rema.it, accessible via l&rsquo;url : https:\/\/www.teo-rema.it\/ (ci-apr\u00e8s \u00a0\u00bb propri\u00e9taire \u00ab\u00a0), sont des activit\u00e9s r\u00e9gies par les pr\u00e9sentes conditions g\u00e9n\u00e9rales d&rsquo;utilisation.<\/p>\n<p>Le site est la propri\u00e9t\u00e9 de : TEO.REMA S.r.l.<\/p>\n<p>Nom de la soci\u00e9t\u00e9 : TEO.REMA S.r.l.<\/p>\n<p>Adresse : Via delle Ghilarde 1\/A Via delle Ghilarde 1\/A &#8211; 25030 &#8211; Zocco di Erbusco (BS)<\/p>\n<p>Num\u00e9ro de TVA : 03718810165<\/p>\n<p>REA BS &#8211; 561228<\/p>\n<p>L&rsquo;acc\u00e8s au site et son utilisation supposent la lecture, la connaissance et l&rsquo;acceptation des pr\u00e9sentes conditions g\u00e9n\u00e9rales d&rsquo;utilisation.<\/p>\n<p>Toute demande d&rsquo;information peut \u00eatre envoy\u00e9e par e-mail \u00e0 l&rsquo;adresse suivante amministrazione@teo-rema.it, par t\u00e9l\u00e9phone au num\u00e9ro +39 030 72 88 378 et par courrier \u00e0 l&rsquo;adresse suivante Via delle Ghilarde 1\/A &#8211; 25030 &#8211; Zocco di Erbusco (BS).<\/p>\n<p>&nbsp;<\/p>\n<p><strong>Modifications des conditions d&rsquo;utilisation<\/strong><\/p>\n<p>Le titulaire peut modifier ou simplement mettre \u00e0 jour les pr\u00e9sentes conditions g\u00e9n\u00e9rales d&rsquo;utilisation, en tout ou en partie. Les modifications et mises \u00e0 jour des conditions g\u00e9n\u00e9rales d&rsquo;utilisation seront contraignantes d\u00e8s qu&rsquo;elles seront publi\u00e9es sur le site dans cette section. L&rsquo;acc\u00e8s et l&rsquo;utilisation du site supposent l&rsquo;acceptation par l&rsquo;utilisateur des pr\u00e9sentes conditions d&rsquo;utilisation.<\/p>\n<p>&nbsp;<\/p>\n<p><strong>Propri\u00e9t\u00e9 intellectuelle<\/strong><\/p>\n<p>Le contenu du site (c&rsquo;est-\u00e0-dire les \u0153uvres, les images, les photographies, les dialogues, la musique, les sons, les vid\u00e9os, les documents, les dessins, les figures, les logos, les menus, les pages web, les graphiques, les couleurs, les diagrammes, les outils, les polices, les mises en page, les m\u00e9thodes, les proc\u00e9d\u00e9s, les logiciels et tout autre mat\u00e9riel sous quelque forme que ce soit) est prot\u00e9g\u00e9 par le droit d&rsquo;auteur et par tout autre droit de propri\u00e9t\u00e9 intellectuelle du propri\u00e9taire ou de tout tiers contract\u00e9 par le propri\u00e9taire. La reproduction, en tout ou en partie, sous quelque forme que ce soit, du site et de son contenu est interdite sans l&rsquo;autorisation \u00e9crite expresse du propri\u00e9taire.<\/p>\n<p>L&rsquo;utilisateur est autoris\u00e9 \u00e0<\/p>\n<p>consulter le site et son contenu en utilisant les services qui y sont disponibles. L&rsquo;utilisateur est en outre autoris\u00e9 \u00e0 r\u00e9aliser tous les actes de reproduction temporaires d\u00e9pourvus de signification \u00e9conomique propre, consid\u00e9r\u00e9s comme transitoires ou accessoires, faisant partie int\u00e9grante et essentielle de la visualisation et de la jouissance du site et de ses contenus, ainsi que toutes les autres op\u00e9rations de navigation sur le site qui ne sont r\u00e9alis\u00e9es qu&rsquo;en vue d&rsquo;une utilisation l\u00e9gitime de ce dernier.<\/p>\n<p>L&rsquo;utilisateur n&rsquo;est pas autoris\u00e9 \u00e0<\/p>\n<p>effectuer toute reproduction, sur quelque support que ce soit, en tout ou en partie du site et de ses contenus. Tout acte de reproduction doit \u00eatre ponctuellement autoris\u00e9 par le propri\u00e9taire. Ces reproductions doivent en tout \u00e9tat de cause \u00eatre effectu\u00e9es \u00e0 des fins licites et dans le respect des droits d&rsquo;auteur et autres droits de propri\u00e9t\u00e9 intellectuelle.<\/p>\n<p>&nbsp;<\/p>\n<p><strong>Utilisation du site et responsabilit\u00e9 de l&rsquo;utilisateur<\/strong><\/p>\n<p>L&rsquo;utilisateur est personnellement responsable de l&rsquo;utilisation du site web et de son contenu. Le propri\u00e9taire n&rsquo;est pas responsable de l&rsquo;utilisation du site et de ses contenus par l&rsquo;un de ses utilisateurs qui ne respecterait pas les lois en vigueur, sans pr\u00e9judice de la responsabilit\u00e9 pour faute intentionnelle et n\u00e9gligence grave. En particulier, l&rsquo;utilisateur est seul et unique responsable de la communication d&rsquo;informations et de donn\u00e9es incorrectes, fausses ou relatives \u00e0 des tiers, sans leur consentement, ainsi que de leur utilisation incorrecte.<\/p>\n<p>Tout mat\u00e9riel t\u00e9l\u00e9charg\u00e9 ou obtenu d&rsquo;une autre mani\u00e8re par l&rsquo;utilisation du service l&rsquo;est au choix et aux risques de l&rsquo;utilisateur, de sorte que toute responsabilit\u00e9 pour d&rsquo;\u00e9ventuels dommages aux syst\u00e8mes informatiques ou pertes de donn\u00e9es r\u00e9sultant des op\u00e9rations de t\u00e9l\u00e9chargement incombe \u00e0 l&rsquo;utilisateur et ne peut \u00eatre imput\u00e9e au titulaire.<\/p>\n<p>Le titulaire d\u00e9cline toute responsabilit\u00e9 pour tout dommage r\u00e9sultant de l&rsquo;inaccessibilit\u00e9 aux services du site ou pour tout dommage caus\u00e9 par des virus, des fichiers endommag\u00e9s, des erreurs, des omissions, des interruptions de service, la suppression de contenus, des probl\u00e8mes li\u00e9s aux r\u00e9seaux, aux fournisseurs ou aux connexions t\u00e9l\u00e9phoniques et\/ou t\u00e9l\u00e9matiques, l&rsquo;acc\u00e8s non autoris\u00e9, l&rsquo;alt\u00e9ration des donn\u00e9es, la d\u00e9faillance et\/ou le dysfonctionnement de l&rsquo;\u00e9quipement \u00e9lectronique de l&rsquo;utilisateur.<\/p>\n<p>Les utilisateurs sont responsables de la conservation et de l&rsquo;utilisation correcte de leurs informations personnelles, y compris les identifiants permettant d&rsquo;acc\u00e9der aux services r\u00e9serv\u00e9s, ainsi que de toute cons\u00e9quence dommageable ou pr\u00e9judice pouvant \u00eatre subi par www.teo-rema.it ou par des tiers \u00e0 la suite de l&rsquo;utilisation incorrecte, de la perte ou du vol de ces informations.<\/p>\n<p>Le propri\u00e9taire a pris toutes les pr\u00e9cautions raisonnables pour \u00e9viter la publication sur le site de contenus et d&rsquo;images susceptibles de porter atteinte \u00e0 la biens\u00e9ance, aux droits de l&rsquo;homme et \u00e0 la dignit\u00e9 des personnes, sous toutes les formes et expressions possibles. En tout \u00e9tat de cause, si les contenus susmentionn\u00e9s devaient \u00eatre consid\u00e9r\u00e9s comme portant atteinte \u00e0 la sensibilit\u00e9 religieuse ou \u00e9thique ou \u00e0 la biens\u00e9ance, l&rsquo;utilisateur est pri\u00e9 d&rsquo;en informer le titulaire, qui rappelle toutefois que tout acc\u00e8s aux contenus jug\u00e9s pr\u00e9judiciables ou offensants est effectu\u00e9 par l&rsquo;utilisateur \u00e0 son enti\u00e8re discr\u00e9tion et sous sa responsabilit\u00e9 exclusive et personnelle.<\/p>\n<p>Le propri\u00e9taire a \u00e9galement pris toutes les pr\u00e9cautions utiles pour s&rsquo;assurer que toutes les informations contenues dans le site sont correctes, compl\u00e8tes et \u00e0 jour, mais il n&rsquo;assume aucune responsabilit\u00e9 \u00e0 l&rsquo;\u00e9gard des utilisateurs en ce qui concerne l&rsquo;exactitude et l&rsquo;exhaustivit\u00e9 des contenus publi\u00e9s sur le site, sauf dans les cas pr\u00e9vus par la loi. Si un utilisateur trouve des erreurs ou des mises \u00e0 jour manquantes dans les informations du site, il est pri\u00e9 d&rsquo;en informer le propri\u00e9taire en utilisant la bo\u00eete aux lettres \u00e9lectronique : amministrazione@teo-rema.it.<\/p>\n<p><strong>Exclusion de la responsabilit\u00e9<\/strong><\/p>\n<p>Le propri\u00e9taire d\u00e9cline toute responsabilit\u00e9, y compris en ce qui concerne la pr\u00e9sence d&rsquo;erreurs, la correction des erreurs, la responsabilit\u00e9 du serveur qui h\u00e9berge le site ; il n&rsquo;est pas non plus responsable de l&rsquo;utilisation des informations contenues, de leur exactitude et de leur fiabilit\u00e9. En aucun cas, y compris en cas de n\u00e9gligence, le propri\u00e9taire ne sera responsable des dommages directs ou indirects pouvant r\u00e9sulter de l&rsquo;utilisation, ou de l&rsquo;impossibilit\u00e9 d&rsquo;utiliser, les mat\u00e9riaux pr\u00e9sents sur le site.<\/p>\n<p>Le propri\u00e9taire ne peut \u00eatre tenu responsable des dommages r\u00e9sultant de l&rsquo;impossibilit\u00e9 de fournir le service en raison d&rsquo;un dysfonctionnement ou d&rsquo;une d\u00e9faillance des moyens de communication \u00e9lectroniques dus \u00e0 des causes \u00e9chappant \u00e0 son contr\u00f4le pr\u00e9visible (par exemple : dysfonctionnement des serveurs et autres dispositifs \u00e9lectroniques, y compris ceux qui ne font pas partie int\u00e9grante du r\u00e9seau Internet, dysfonctionnement des logiciels install\u00e9s, virus informatiques, actions de pirates informatiques ou d&rsquo;autres utilisateurs ayant acc\u00e8s au r\u00e9seau). L&rsquo;utilisateur s&rsquo;engage donc \u00e0 indemniser et \u00e0 d\u00e9gager le titulaire de toute responsabilit\u00e9 et\/ou r\u00e9clamation \u00e0 cet \u00e9gard.<\/p>\n<p>&nbsp;<\/p>\n<p><strong>Liens externes<\/strong><\/p>\n<p>Le site peut contenir des liens vers d&rsquo;autres sites web qui n&rsquo;ont aucun rapport avec lui. Le propri\u00e9taire ne contr\u00f4le ni ne surveille ces sites web et ne garantit donc en aucune mani\u00e8re leur contenu ou la gestion des donn\u00e9es. L&rsquo;utilisateur doit donc lire attentivement les conditions d&rsquo;utilisation des sites tiers visit\u00e9s et leur politique de confidentialit\u00e9, \u00e9tant donn\u00e9 que ces conditions d&rsquo;utilisation et cette politique de confidentialit\u00e9 ne concernent que ce site.<\/p>\n<p>Ce site peut \u00e9galement \u00eatre atteint par l&rsquo;interm\u00e9diaire de sites tiers o\u00f9 il y aura un lien ou une banni\u00e8re permettant d&rsquo;acc\u00e9der au site. L&rsquo;activation de liens sur des sites tiers vers ce site est toujours possible et si elle n&rsquo;enfreint pas les pr\u00e9sentes conditions d&rsquo;utilisation. L&rsquo;activation de liens non autoris\u00e9s donne au propri\u00e9taire le droit d&rsquo;agir en vue de la d\u00e9sactivation imm\u00e9diate des liens ill\u00e9gitimes et de la reconnaissance \u00e9ventuelle de la pratique commerciale ou de la concurrence d\u00e9loyale en question ou du m\u00eame groupe.<\/p>\n<p><strong>Traitement des donn\u00e9es<\/strong><\/p>\n<p>Les donn\u00e9es de l&rsquo;utilisateur sont trait\u00e9es conform\u00e9ment aux dispositions de la l\u00e9gislation sur la protection des donn\u00e9es personnelles, comme sp\u00e9cifi\u00e9 dans la section contenant les informations conform\u00e9ment \u00e0 l&rsquo;article 13 R\u00e8glement UE 2016\/679 (politique de confidentialit\u00e9). Pour plus d&rsquo;informations, acc\u00e9dez \u00e0 la politique de confidentialit\u00e9 du site sur le lien : https:\/\/www.teo-rema.it\/fr\/privacy-policy\/.<\/p>\n<p>&nbsp;<\/p>\n<p><strong>R\u00e9solution des litiges <\/strong><\/p>\n<p>La Commission europ\u00e9enne a mis en place une plateforme en ligne de r\u00e8glement extrajudiciaire des litiges. Cet outil peut \u00eatre utilis\u00e9 par l&rsquo;utilisateur pour r\u00e9gler \u00e0 l&rsquo;amiable tout litige relatif \u00e0 et\/ou d\u00e9coulant des contrats de vente de biens et de prestation de services conclus en ligne. En cons\u00e9quence, l&rsquo;utilisateur peut utiliser cette plateforme pour la r\u00e9solution de tout litige d\u00e9coulant du contrat conclu en ligne. La plateforme est disponible \u00e0 l&rsquo;adresse suivante : https:\/\/ec.europa.eu\/consumers\/odr\/. Dans le cas contraire, le tribunal comp\u00e9tent est celui de Brescia.<\/p>\n<p>Ces conditions ont \u00e9t\u00e9 \u00e9tablies le 21\/02\/2023<\/p>\n<p>&nbsp;<\/p>\n<p>&nbsp;<\/p>\n<p>&nbsp;<\/p>\n<p>[\/et_pb_text][\/et_pb_column][\/et_pb_row][\/et_pb_section]<\/p>\n","protected":false},"excerpt":{"rendered":"<p>Conditions g\u00e9n\u00e9rales d&rsquo;utilisation Objet L&rsquo;acc\u00e8s et l&rsquo;utilisation du site www.teo-rema.it, accessible via l&rsquo;url : https:\/\/www.teo-rema.it\/ (ci-apr\u00e8s \u00a0\u00bb propri\u00e9taire \u00ab\u00a0), sont des activit\u00e9s r\u00e9gies par les pr\u00e9sentes conditions g\u00e9n\u00e9rales d&rsquo;utilisation. Le site est la propri\u00e9t\u00e9 de : TEO.REMA S.r.l. Nom de la soci\u00e9t\u00e9 : TEO.REMA S.r.l. Adresse : Via delle Ghilarde 1\/A Via delle Ghilarde 1\/A [&hellip;]<\/p>\n","protected":false},"author":1,"featured_media":0,"parent":0,"menu_order":0,"comment_status":"closed","ping_status":"closed","template":"","meta":{"_et_pb_use_builder":"on","_et_pb_old_content":"","_et_gb_content_width":"","footnotes":""},"class_list":["post-2738","page","type-page","status-publish","hentry"],"yoast_head":"<!-- This site is optimized with the Yoast SEO plugin v27.5 - https:\/\/yoast.com\/product\/yoast-seo-wordpress\/ -->\n<title>Conditions g\u00e9n\u00e9rales d&#039;utilisation - Teo-Rema<\/title>\n<meta name=\"robots\" content=\"index, follow, max-snippet:-1, max-image-preview:large, max-video-preview:-1\" \/>\n<link rel=\"canonical\" href=\"https:\/\/www.teo-rema.it\/fr\/conditions-generales-dutilisation\/\" \/>\n<meta property=\"og:locale\" content=\"fr_FR\" \/>\n<meta property=\"og:type\" content=\"article\" \/>\n<meta property=\"og:title\" content=\"Conditions g\u00e9n\u00e9rales d&#039;utilisation - Teo-Rema\" \/>\n<meta property=\"og:description\" content=\"Conditions g\u00e9n\u00e9rales d&#039;utilisation Objet L&#039;acc\u00e8s et l&#039;utilisation du site www.teo-rema.it, accessible via l&#039;url : https:\/\/www.teo-rema.it\/ (ci-apr\u00e8s &quot; propri\u00e9taire &quot;), sont des activit\u00e9s r\u00e9gies par les pr\u00e9sentes conditions g\u00e9n\u00e9rales d&#039;utilisation. Le site est la propri\u00e9t\u00e9 de : TEO.REMA S.r.l. Nom de la soci\u00e9t\u00e9 : TEO.REMA S.r.l. Adresse : Via delle Ghilarde 1\/A Via delle Ghilarde 1\/A [&hellip;]\" \/>\n<meta property=\"og:url\" content=\"https:\/\/www.teo-rema.it\/fr\/conditions-generales-dutilisation\/\" \/>\n<meta property=\"og:site_name\" content=\"Teo-Rema\" \/>\n<meta property=\"article:publisher\" content=\"https:\/\/www.facebook.com\/Teo.remasrlguarnizioniindustriali\/\" \/>\n<meta property=\"article:modified_time\" content=\"2023-03-22T13:10:50+00:00\" \/>\n<meta name=\"twitter:card\" content=\"summary_large_image\" \/>\n<meta name=\"twitter:label1\" content=\"Dur\u00e9e de lecture estim\u00e9e\" \/>\n\t<meta name=\"twitter:data1\" content=\"8 minutes\" \/>\n<script type=\"application\/ld+json\" class=\"yoast-schema-graph\">{\"@context\":\"https:\\\/\\\/schema.org\",\"@graph\":[{\"@type\":\"WebPage\",\"@id\":\"https:\\\/\\\/www.teo-rema.it\\\/fr\\\/conditions-generales-dutilisation\\\/\",\"url\":\"https:\\\/\\\/www.teo-rema.it\\\/fr\\\/conditions-generales-dutilisation\\\/\",\"name\":\"Conditions g\u00e9n\u00e9rales d'utilisation - Teo-Rema\",\"isPartOf\":{\"@id\":\"https:\\\/\\\/www.teo-rema.it\\\/#website\"},\"datePublished\":\"2023-03-22T13:04:42+00:00\",\"dateModified\":\"2023-03-22T13:10:50+00:00\",\"breadcrumb\":{\"@id\":\"https:\\\/\\\/www.teo-rema.it\\\/fr\\\/conditions-generales-dutilisation\\\/#breadcrumb\"},\"inLanguage\":\"fr-FR\",\"potentialAction\":[{\"@type\":\"ReadAction\",\"target\":[\"https:\\\/\\\/www.teo-rema.it\\\/fr\\\/conditions-generales-dutilisation\\\/\"]}]},{\"@type\":\"BreadcrumbList\",\"@id\":\"https:\\\/\\\/www.teo-rema.it\\\/fr\\\/conditions-generales-dutilisation\\\/#breadcrumb\",\"itemListElement\":[{\"@type\":\"ListItem\",\"position\":1,\"name\":\"Home\",\"item\":\"https:\\\/\\\/www.teo-rema.it\\\/\"},{\"@type\":\"ListItem\",\"position\":2,\"name\":\"Conditions g\u00e9n\u00e9rales d&rsquo;utilisation\"}]},{\"@type\":\"WebSite\",\"@id\":\"https:\\\/\\\/www.teo-rema.it\\\/#website\",\"url\":\"https:\\\/\\\/www.teo-rema.it\\\/\",\"name\":\"Teo-Rema\",\"description\":\"Guarnizioni Industriali\",\"publisher\":{\"@id\":\"https:\\\/\\\/www.teo-rema.it\\\/#organization\"},\"potentialAction\":[{\"@type\":\"SearchAction\",\"target\":{\"@type\":\"EntryPoint\",\"urlTemplate\":\"https:\\\/\\\/www.teo-rema.it\\\/?s={search_term_string}\"},\"query-input\":{\"@type\":\"PropertyValueSpecification\",\"valueRequired\":true,\"valueName\":\"search_term_string\"}}],\"inLanguage\":\"fr-FR\"},{\"@type\":\"Organization\",\"@id\":\"https:\\\/\\\/www.teo-rema.it\\\/#organization\",\"name\":\"Teo.rema Srl\",\"url\":\"https:\\\/\\\/www.teo-rema.it\\\/\",\"logo\":{\"@type\":\"ImageObject\",\"inLanguage\":\"fr-FR\",\"@id\":\"https:\\\/\\\/www.teo-rema.it\\\/#\\\/schema\\\/logo\\\/image\\\/\",\"url\":\"https:\\\/\\\/www.teo-rema.it\\\/wp-content\\\/uploads\\\/2020\\\/10\\\/logo-teorema.jpg\",\"contentUrl\":\"https:\\\/\\\/www.teo-rema.it\\\/wp-content\\\/uploads\\\/2020\\\/10\\\/logo-teorema.jpg\",\"width\":480,\"height\":164,\"caption\":\"Teo.rema Srl\"},\"image\":{\"@id\":\"https:\\\/\\\/www.teo-rema.it\\\/#\\\/schema\\\/logo\\\/image\\\/\"},\"sameAs\":[\"https:\\\/\\\/www.facebook.com\\\/Teo.remasrlguarnizioniindustriali\\\/\"]}]}<\/script>\n<!-- \/ Yoast SEO plugin. -->","yoast_head_json":{"title":"Conditions g\u00e9n\u00e9rales d'utilisation - Teo-Rema","robots":{"index":"index","follow":"follow","max-snippet":"max-snippet:-1","max-image-preview":"max-image-preview:large","max-video-preview":"max-video-preview:-1"},"canonical":"https:\/\/www.teo-rema.it\/fr\/conditions-generales-dutilisation\/","og_locale":"fr_FR","og_type":"article","og_title":"Conditions g\u00e9n\u00e9rales d'utilisation - Teo-Rema","og_description":"Conditions g\u00e9n\u00e9rales d'utilisation Objet L'acc\u00e8s et l'utilisation du site www.teo-rema.it, accessible via l'url : https:\/\/www.teo-rema.it\/ (ci-apr\u00e8s \" propri\u00e9taire \"), sont des activit\u00e9s r\u00e9gies par les pr\u00e9sentes conditions g\u00e9n\u00e9rales d'utilisation. Le site est la propri\u00e9t\u00e9 de : TEO.REMA S.r.l. Nom de la soci\u00e9t\u00e9 : TEO.REMA S.r.l. Adresse : Via delle Ghilarde 1\/A Via delle Ghilarde 1\/A [&hellip;]","og_url":"https:\/\/www.teo-rema.it\/fr\/conditions-generales-dutilisation\/","og_site_name":"Teo-Rema","article_publisher":"https:\/\/www.facebook.com\/Teo.remasrlguarnizioniindustriali\/","article_modified_time":"2023-03-22T13:10:50+00:00","twitter_card":"summary_large_image","twitter_misc":{"Dur\u00e9e de lecture estim\u00e9e":"8 minutes"},"schema":{"@context":"https:\/\/schema.org","@graph":[{"@type":"WebPage","@id":"https:\/\/www.teo-rema.it\/fr\/conditions-generales-dutilisation\/","url":"https:\/\/www.teo-rema.it\/fr\/conditions-generales-dutilisation\/","name":"Conditions g\u00e9n\u00e9rales d'utilisation - Teo-Rema","isPartOf":{"@id":"https:\/\/www.teo-rema.it\/#website"},"datePublished":"2023-03-22T13:04:42+00:00","dateModified":"2023-03-22T13:10:50+00:00","breadcrumb":{"@id":"https:\/\/www.teo-rema.it\/fr\/conditions-generales-dutilisation\/#breadcrumb"},"inLanguage":"fr-FR","potentialAction":[{"@type":"ReadAction","target":["https:\/\/www.teo-rema.it\/fr\/conditions-generales-dutilisation\/"]}]},{"@type":"BreadcrumbList","@id":"https:\/\/www.teo-rema.it\/fr\/conditions-generales-dutilisation\/#breadcrumb","itemListElement":[{"@type":"ListItem","position":1,"name":"Home","item":"https:\/\/www.teo-rema.it\/"},{"@type":"ListItem","position":2,"name":"Conditions g\u00e9n\u00e9rales d&rsquo;utilisation"}]},{"@type":"WebSite","@id":"https:\/\/www.teo-rema.it\/#website","url":"https:\/\/www.teo-rema.it\/","name":"Teo-Rema","description":"Guarnizioni Industriali","publisher":{"@id":"https:\/\/www.teo-rema.it\/#organization"},"potentialAction":[{"@type":"SearchAction","target":{"@type":"EntryPoint","urlTemplate":"https:\/\/www.teo-rema.it\/?s={search_term_string}"},"query-input":{"@type":"PropertyValueSpecification","valueRequired":true,"valueName":"search_term_string"}}],"inLanguage":"fr-FR"},{"@type":"Organization","@id":"https:\/\/www.teo-rema.it\/#organization","name":"Teo.rema Srl","url":"https:\/\/www.teo-rema.it\/","logo":{"@type":"ImageObject","inLanguage":"fr-FR","@id":"https:\/\/www.teo-rema.it\/#\/schema\/logo\/image\/","url":"https:\/\/www.teo-rema.it\/wp-content\/uploads\/2020\/10\/logo-teorema.jpg","contentUrl":"https:\/\/www.teo-rema.it\/wp-content\/uploads\/2020\/10\/logo-teorema.jpg","width":480,"height":164,"caption":"Teo.rema Srl"},"image":{"@id":"https:\/\/www.teo-rema.it\/#\/schema\/logo\/image\/"},"sameAs":["https:\/\/www.facebook.com\/Teo.remasrlguarnizioniindustriali\/"]}]}},"_links":{"self":[{"href":"https:\/\/www.teo-rema.it\/fr\/wp-json\/wp\/v2\/pages\/2738","targetHints":{"allow":["GET"]}}],"collection":[{"href":"https:\/\/www.teo-rema.it\/fr\/wp-json\/wp\/v2\/pages"}],"about":[{"href":"https:\/\/www.teo-rema.it\/fr\/wp-json\/wp\/v2\/types\/page"}],"author":[{"embeddable":true,"href":"https:\/\/www.teo-rema.it\/fr\/wp-json\/wp\/v2\/users\/1"}],"replies":[{"embeddable":true,"href":"https:\/\/www.teo-rema.it\/fr\/wp-json\/wp\/v2\/comments?post=2738"}],"version-history":[{"count":3,"href":"https:\/\/www.teo-rema.it\/fr\/wp-json\/wp\/v2\/pages\/2738\/revisions"}],"predecessor-version":[{"id":2741,"href":"https:\/\/www.teo-rema.it\/fr\/wp-json\/wp\/v2\/pages\/2738\/revisions\/2741"}],"wp:attachment":[{"href":"https:\/\/www.teo-rema.it\/fr\/wp-json\/wp\/v2\/media?parent=2738"}],"curies":[{"name":"wp","href":"https:\/\/api.w.org\/{rel}","templated":true}]}}